{"id":3214,"date":"2020-03-13T16:02:13","date_gmt":"2020-03-13T09:02:13","guid":{"rendered":"https:\/\/nodor.vn\/?post_type=product&#038;p=3214"},"modified":"2024-07-02T04:10:23","modified_gmt":"2024-07-01T21:10:23","slug":"chau-rua-norgranite-53-45-1b-bg","status":"publish","type":"product","link":"https:\/\/nodor.vn\/en\/san-pham\/chau-rua-norgranite-53-45-1b-bg","title":{"rendered":"Ch\u1eadu r\u1eeda NorGranite 53.45 1B BG"},"content":{"rendered":"<table width=\"100%\">\n<tbody>\n<tr>\n<td width=\"51%\">M\u00e3 s\u1ea3n ph\u1ea9m<\/td>\n<td width=\"48%\">NorGranite 53.45 1B BG<\/td>\n<\/tr>\n<tr>\n<td width=\"51%\">Lo\u1ea1i s\u1ea3n ph\u1ea9m<\/td>\n<td width=\"48%\">Ch\u1eadu r\u1eeda 1 h\u1ed1<\/td>\n<\/tr>\n<tr>\n<td width=\"51%\">Ch\u1ea5t li\u1ec7u s\u1ea3n ph\u1ea9m<\/td>\n<td width=\"48%\">\u0110\u00e1<\/td>\n<\/tr>\n<tr>\n<td width=\"51%\">Ti\u00eau chu\u1ea9n ch\u1ea5t l\u01b0\u1ee3ng<\/td>\n<td width=\"48%\">CE<\/td>\n<\/tr>\n<tr>\n<td width=\"51%\">Ph\u1ee5 ki\u1ec7n \u0111i k\u00e8m<\/td>\n<td width=\"48%\">B\u1ed9 Siphon<\/td>\n<\/tr>\n<tr>\n<td width=\"51%\">H\u1ec7 th\u1ed1ng ch\u1ed1ng tr\u00e0n<\/td>\n<td width=\"48%\">C\u00f3<\/td>\n<\/tr>\n<tr>\n<td width=\"51%\">\u0110\u00e1y ch\u1ed1ng \u1ed3n<\/td>\n<td width=\"48%\">C\u00f3<\/td>\n<\/tr>\n<tr>\n<td width=\"51%\">\u0110\u1ed9 s\u00e2u h\u1ed1 ch\u1eadu<\/td>\n<td width=\"48%\">205 mm<\/td>\n<\/tr>\n<tr>\n<td width=\"51%\">R\u1ed1n x\u1ea3 l\u1edbn<\/td>\n<td width=\"48%\">3 \u00bd\u201d<\/td>\n<\/tr>\n<tr>\n<td width=\"51%\">K\u00edch th\u01b0\u1edbc<\/td>\n<td width=\"48%\">535 x 460 x 220 mm<\/td>\n<\/tr>\n<tr>\n<td>K\u00edch th\u01b0\u1edbc c\u1eaft \u0111\u00e1<\/td>\n<td>468 x 391 mm<\/td>\n<\/tr>\n<tr>\n<td width=\"51%\">B\u1ea3o h\u00e0nh<\/td>\n<td width=\"48%\">24 th\u00e1ng<\/td>\n<\/tr>\n<tr>\n<td width=\"51%\">B\u1ea3o tr\u00ec<\/td>\n<td width=\"48%\">Tr\u1ecdn \u0111\u1eddi s\u1ea3n ph\u1ea9m<\/td>\n<\/tr>\n<tr>\n<td width=\"51%\">Xu\u1ea5t x\u1ee9<\/td>\n<td width=\"48%\">U-King<\/td>\n<\/tr>\n<\/tbody>\n<\/table>\n","protected":false},"excerpt":{"rendered":"<p>M\u00e3 s\u1ea3n ph\u1ea9m NorGranite 53.45 1B BG Lo\u1ea1i s\u1ea3n ph\u1ea9m Ch\u1eadu r\u1eeda 1 h\u1ed1 Ch\u1ea5t li\u1ec7u s\u1ea3n ph\u1ea9m \u0110\u00e1 Ti\u00eau chu\u1ea9n ch\u1ea5t l\u01b0\u1ee3ng CE Ph\u1ee5 ki\u1ec7n \u0111i k\u00e8m B\u1ed9 Siphon H\u1ec7 th\u1ed1ng ch\u1ed1ng tr\u00e0n C\u00f3 \u0110\u00e1y ch\u1ed1ng \u1ed3n C\u00f3 \u0110\u1ed9 s\u00e2u h\u1ed1 ch\u1eadu 205 mm R\u1ed1n x\u1ea3 l\u1edbn 3 \u00bd\u201d K\u00edch th\u01b0\u1edbc 535 x 460 &#8230;<\/p>\n","protected":false},"featured_media":3238,"comment_status":"open","ping_status":"closed","template":"","meta":[],"product_cat":[20],"product_tag":[],"class_list":["post-3214","product","type-product","status-publish","has-post-thumbnail","hentry","product_cat-chau-voi-chau"],"acf":[],"yoast_head":"<!-- This site is optimized with the Yoast SEO plugin v21.2 - https:\/\/yoast.com\/wordpress\/plugins\/seo\/ -->\n<title>Ch\u1eadu r\u1eeda NorGranite 53.45 1B BG - Nodor<\/title>\n<meta name=\"robots\" content=\"index, follow, max-snippet:-1, max-image-preview:large, max-video-preview:-1\" \/>\n<link rel=\"canonical\" href=\"https:\/\/nodor.vn\/en\/san-pham\/chau-rua-norgranite-53-45-1b-bg\" \/>\n<meta property=\"og:locale\" content=\"en_US\" \/>\n<meta property=\"og:type\" content=\"article\" \/>\n<meta property=\"og:title\" content=\"Ch\u1eadu r\u1eeda NorGranite 53.45 1B BG - Nodor\" \/>\n<meta property=\"og:description\" content=\"M\u00e3 s\u1ea3n ph\u1ea9m NorGranite 53.45 1B BG Lo\u1ea1i s\u1ea3n ph\u1ea9m Ch\u1eadu r\u1eeda 1 h\u1ed1 Ch\u1ea5t li\u1ec7u s\u1ea3n ph\u1ea9m \u0110\u00e1 Ti\u00eau chu\u1ea9n ch\u1ea5t l\u01b0\u1ee3ng CE Ph\u1ee5 ki\u1ec7n \u0111i k\u00e8m B\u1ed9 Siphon H\u1ec7 th\u1ed1ng ch\u1ed1ng tr\u00e0n C\u00f3 \u0110\u00e1y ch\u1ed1ng \u1ed3n C\u00f3 \u0110\u1ed9 s\u00e2u h\u1ed1 ch\u1eadu 205 mm R\u1ed1n x\u1ea3 l\u1edbn 3 \u00bd\u201d K\u00edch th\u01b0\u1edbc 535 x 460 ...\" \/>\n<meta property=\"og:url\" content=\"https:\/\/nodor.vn\/en\/san-pham\/chau-rua-norgranite-53-45-1b-bg\" \/>\n<meta property=\"og:site_name\" content=\"Nodor\" \/>\n<meta property=\"article:modified_time\" content=\"2024-07-01T21:10:23+00:00\" \/>\n<meta property=\"og:image\" content=\"https:\/\/nodor.vn\/wp-content\/uploads\/2020\/03\/Chau-da-sua-1-ho.png\" \/>\n\t<meta property=\"og:image:width\" content=\"1252\" \/>\n\t<meta property=\"og:image:height\" content=\"1252\" \/>\n\t<meta property=\"og:image:type\" content=\"image\/png\" \/>\n<meta name=\"twitter:card\" content=\"summary_large_image\" \/>\n<meta name=\"twitter:label1\" content=\"Est. reading time\" \/>\n\t<meta name=\"twitter:data1\" content=\"1 minute\" \/>\n<script type=\"application\/ld+json\" class=\"yoast-schema-graph\">{\"@context\":\"https:\/\/schema.org\",\"@graph\":[{\"@type\":\"WebPage\",\"@id\":\"https:\/\/nodor.vn\/en\/san-pham\/chau-rua-norgranite-53-45-1b-bg\",\"url\":\"https:\/\/nodor.vn\/en\/san-pham\/chau-rua-norgranite-53-45-1b-bg\",\"name\":\"Ch\u1eadu r\u1eeda NorGranite 53.45 1B BG - Nodor\",\"isPartOf\":{\"@id\":\"https:\/\/nodor.vn\/en#website\"},\"datePublished\":\"2020-03-13T09:02:13+00:00\",\"dateModified\":\"2024-07-01T21:10:23+00:00\",\"breadcrumb\":{\"@id\":\"https:\/\/nodor.vn\/en\/san-pham\/chau-rua-norgranite-53-45-1b-bg#breadcrumb\"},\"inLanguage\":\"en-US\",\"potentialAction\":[{\"@type\":\"ReadAction\",\"target\":[\"https:\/\/nodor.vn\/en\/san-pham\/chau-rua-norgranite-53-45-1b-bg\"]}]},{\"@type\":\"BreadcrumbList\",\"@id\":\"https:\/\/nodor.vn\/en\/san-pham\/chau-rua-norgranite-53-45-1b-bg#breadcrumb\",\"itemListElement\":[{\"@type\":\"ListItem\",\"position\":1,\"name\":\"Trang ch\u1ee7\",\"item\":\"https:\/\/nodor.vn\/en\"},{\"@type\":\"ListItem\",\"position\":2,\"name\":\"Shop\",\"item\":\"https:\/\/nodor.vn\/en\/shop\"},{\"@type\":\"ListItem\",\"position\":3,\"name\":\"Ch\u1eadu r\u1eeda NorGranite 53.45 1B BG\"}]},{\"@type\":\"WebSite\",\"@id\":\"https:\/\/nodor.vn\/en#website\",\"url\":\"https:\/\/nodor.vn\/en\",\"name\":\"Nodor\",\"description\":\"Thi\u1ebft b\u1ecb nh\u00e0 b\u1ebfp s\u1ed1 1 T\u00e2y Ban Nha\",\"publisher\":{\"@id\":\"https:\/\/nodor.vn\/en#organization\"},\"potentialAction\":[{\"@type\":\"SearchAction\",\"target\":{\"@type\":\"EntryPoint\",\"urlTemplate\":\"https:\/\/nodor.vn\/en?s={search_term_string}\"},\"query-input\":\"required name=search_term_string\"}],\"inLanguage\":\"en-US\"},{\"@type\":\"Organization\",\"@id\":\"https:\/\/nodor.vn\/en#organization\",\"name\":\"Nodor\",\"url\":\"https:\/\/nodor.vn\/en\",\"logo\":{\"@type\":\"ImageObject\",\"inLanguage\":\"en-US\",\"@id\":\"https:\/\/nodor.vn\/en#\/schema\/logo\/image\/\",\"url\":\"https:\/\/nodor.vn\/wp-content\/uploads\/2019\/05\/logo-nodor.png\",\"contentUrl\":\"https:\/\/nodor.vn\/wp-content\/uploads\/2019\/05\/logo-nodor.png\",\"width\":300,\"height\":90,\"caption\":\"Nodor\"},\"image\":{\"@id\":\"https:\/\/nodor.vn\/en#\/schema\/logo\/image\/\"}}]}<\/script>\n<!-- \/ Yoast SEO plugin. -->","yoast_head_json":{"title":"Ch\u1eadu r\u1eeda NorGranite 53.45 1B BG - Nodor","robots":{"index":"index","follow":"follow","max-snippet":"max-snippet:-1","max-image-preview":"max-image-preview:large","max-video-preview":"max-video-preview:-1"},"canonical":"https:\/\/nodor.vn\/en\/san-pham\/chau-rua-norgranite-53-45-1b-bg","og_locale":"en_US","og_type":"article","og_title":"Ch\u1eadu r\u1eeda NorGranite 53.45 1B BG - Nodor","og_description":"M\u00e3 s\u1ea3n ph\u1ea9m NorGranite 53.45 1B BG Lo\u1ea1i s\u1ea3n ph\u1ea9m Ch\u1eadu r\u1eeda 1 h\u1ed1 Ch\u1ea5t li\u1ec7u s\u1ea3n ph\u1ea9m \u0110\u00e1 Ti\u00eau chu\u1ea9n ch\u1ea5t l\u01b0\u1ee3ng CE Ph\u1ee5 ki\u1ec7n \u0111i k\u00e8m B\u1ed9 Siphon H\u1ec7 th\u1ed1ng ch\u1ed1ng tr\u00e0n C\u00f3 \u0110\u00e1y ch\u1ed1ng \u1ed3n C\u00f3 \u0110\u1ed9 s\u00e2u h\u1ed1 ch\u1eadu 205 mm R\u1ed1n x\u1ea3 l\u1edbn 3 \u00bd\u201d K\u00edch th\u01b0\u1edbc 535 x 460 ...","og_url":"https:\/\/nodor.vn\/en\/san-pham\/chau-rua-norgranite-53-45-1b-bg","og_site_name":"Nodor","article_modified_time":"2024-07-01T21:10:23+00:00","og_image":[{"width":1252,"height":1252,"url":"https:\/\/nodor.vn\/wp-content\/uploads\/2020\/03\/Chau-da-sua-1-ho.png","type":"image\/png"}],"twitter_card":"summary_large_image","twitter_misc":{"Est. reading time":"1 minute"},"schema":{"@context":"https:\/\/schema.org","@graph":[{"@type":"WebPage","@id":"https:\/\/nodor.vn\/en\/san-pham\/chau-rua-norgranite-53-45-1b-bg","url":"https:\/\/nodor.vn\/en\/san-pham\/chau-rua-norgranite-53-45-1b-bg","name":"Ch\u1eadu r\u1eeda NorGranite 53.45 1B BG - Nodor","isPartOf":{"@id":"https:\/\/nodor.vn\/en#website"},"datePublished":"2020-03-13T09:02:13+00:00","dateModified":"2024-07-01T21:10:23+00:00","breadcrumb":{"@id":"https:\/\/nodor.vn\/en\/san-pham\/chau-rua-norgranite-53-45-1b-bg#breadcrumb"},"inLanguage":"en-US","potentialAction":[{"@type":"ReadAction","target":["https:\/\/nodor.vn\/en\/san-pham\/chau-rua-norgranite-53-45-1b-bg"]}]},{"@type":"BreadcrumbList","@id":"https:\/\/nodor.vn\/en\/san-pham\/chau-rua-norgranite-53-45-1b-bg#breadcrumb","itemListElement":[{"@type":"ListItem","position":1,"name":"Trang ch\u1ee7","item":"https:\/\/nodor.vn\/en"},{"@type":"ListItem","position":2,"name":"Shop","item":"https:\/\/nodor.vn\/en\/shop"},{"@type":"ListItem","position":3,"name":"Ch\u1eadu r\u1eeda NorGranite 53.45 1B BG"}]},{"@type":"WebSite","@id":"https:\/\/nodor.vn\/en#website","url":"https:\/\/nodor.vn\/en","name":"Nodor","description":"Thi\u1ebft b\u1ecb nh\u00e0 b\u1ebfp s\u1ed1 1 T\u00e2y Ban Nha","publisher":{"@id":"https:\/\/nodor.vn\/en#organization"},"potentialAction":[{"@type":"SearchAction","target":{"@type":"EntryPoint","urlTemplate":"https:\/\/nodor.vn\/en?s={search_term_string}"},"query-input":"required name=search_term_string"}],"inLanguage":"en-US"},{"@type":"Organization","@id":"https:\/\/nodor.vn\/en#organization","name":"Nodor","url":"https:\/\/nodor.vn\/en","logo":{"@type":"ImageObject","inLanguage":"en-US","@id":"https:\/\/nodor.vn\/en#\/schema\/logo\/image\/","url":"https:\/\/nodor.vn\/wp-content\/uploads\/2019\/05\/logo-nodor.png","contentUrl":"https:\/\/nodor.vn\/wp-content\/uploads\/2019\/05\/logo-nodor.png","width":300,"height":90,"caption":"Nodor"},"image":{"@id":"https:\/\/nodor.vn\/en#\/schema\/logo\/image\/"}}]}},"_links":{"self":[{"href":"https:\/\/nodor.vn\/en\/wp-json\/wp\/v2\/product\/3214","targetHints":{"allow":["GET"]}}],"collection":[{"href":"https:\/\/nodor.vn\/en\/wp-json\/wp\/v2\/product"}],"about":[{"href":"https:\/\/nodor.vn\/en\/wp-json\/wp\/v2\/types\/product"}],"replies":[{"embeddable":true,"href":"https:\/\/nodor.vn\/en\/wp-json\/wp\/v2\/comments?post=3214"}],"wp:featuredmedia":[{"embeddable":true,"href":"https:\/\/nodor.vn\/en\/wp-json\/wp\/v2\/media\/3238"}],"wp:attachment":[{"href":"https:\/\/nodor.vn\/en\/wp-json\/wp\/v2\/media?parent=3214"}],"wp:term":[{"taxonomy":"product_cat","embeddable":true,"href":"https:\/\/nodor.vn\/en\/wp-json\/wp\/v2\/product_cat?post=3214"},{"taxonomy":"product_tag","embeddable":true,"href":"https:\/\/nodor.vn\/en\/wp-json\/wp\/v2\/product_tag?post=3214"}],"curies":[{"name":"wp","href":"https:\/\/api.w.org\/{rel}","templated":true}]}}