{"id":2687,"date":"2019-10-07T10:10:20","date_gmt":"2019-10-07T03:10:20","guid":{"rendered":"https:\/\/nodor.vn\/?post_type=product&#038;p=2687"},"modified":"2024-03-25T17:30:52","modified_gmt":"2024-03-25T10:30:52","slug":"bep-tu-doi-iwc-2501-bkg","status":"publish","type":"product","link":"https:\/\/nodor.vn\/en\/san-pham\/bep-tu-doi-iwc-2501-bkg","title":{"rendered":"B\u1ebfp t\u1eeb \u0111\u00f4i IWC 2501 BKG"},"content":{"rendered":"<table style=\"width: 62.8431%; height: 632px;\">\n<tbody>\n<tr style=\"height: 21px;\">\n<td style=\"height: 21px;\" width=\"321\">M\u00e3 s\u1ea3n ph\u1ea9m<\/td>\n<td style=\"height: 21px;\" width=\"302\"><a href=\"https:\/\/thietbivesinh247.vn\/thuong-hieu\/nodor\/?s=nodor\">IWC 2501 BKG<\/a><\/td>\n<\/tr>\n<tr style=\"height: 21px;\">\n<td style=\"height: 21px;\" width=\"321\">Lo\u1ea1i s\u1ea3n ph\u1ea9m<\/td>\n<td style=\"height: 21px;\" width=\"302\">B\u1ebfp c\u1ea3m \u1ee9ng t\u1eeb \u0111\u00f4i<\/td>\n<\/tr>\n<tr style=\"height: 21px;\">\n<td style=\"height: 21px;\" width=\"321\">S\u1ed1 v\u00f9ng n\u1ea5u<\/td>\n<td style=\"height: 21px;\" width=\"302\">02<\/td>\n<\/tr>\n<tr style=\"height: 21px;\">\n<td style=\"height: 21px;\" width=\"321\">M\u1eb7t b\u1ebfp<\/td>\n<td style=\"height: 21px;\" width=\"302\">K\u00ednh Schott Ceran lo\u1ea1i 1<\/td>\n<\/tr>\n<tr style=\"height: 21px;\">\n<td style=\"height: 21px;\" width=\"321\">M\u00e2m nhi\u1ec7t, bo m\u1ea1ch<\/td>\n<td style=\"height: 21px;\" width=\"302\">Th\u00f4ng minh th\u1ebf h\u1ec7 m\u1edbi<\/td>\n<\/tr>\n<tr style=\"height: 21px;\">\n<td style=\"height: 21px;\" width=\"321\">H\u1ec7 th\u1ed1ng t\u1ea3n nhi\u1ec7t<\/td>\n<td style=\"height: 21px;\" width=\"302\">Qu\u1ea1t ly t\u00e2m<\/td>\n<\/tr>\n<tr style=\"height: 21px;\">\n<td style=\"height: 21px;\" width=\"321\">H\u1ec7 th\u1ed1ng \u0111i\u1ec1u khi\u1ec3n<\/td>\n<td style=\"height: 21px;\" width=\"302\">Control Touch<\/td>\n<\/tr>\n<tr style=\"height: 21px;\">\n<td style=\"height: 21px;\" width=\"321\">S\u1ed1 m\u1ee9c c\u00f4ng su\u1ea5t<\/td>\n<td style=\"height: 21px;\" width=\"302\">9 m\u1ee9c c\u00f4ng su\u1ea5t + Power Booster<\/td>\n<\/tr>\n<tr style=\"height: 21px;\">\n<td style=\"height: 21px;\" width=\"321\">Ch\u1ebf \u0111\u1ed9 h\u1eb9n gi\u1edd \u0111\u1ed9c l\u1eadp cho t\u1eebng v\u00f9ng n\u1ea5u<\/td>\n<td style=\"height: 21px;\" width=\"302\">99 ph\u00fat<\/td>\n<\/tr>\n<tr style=\"height: 43px;\">\n<td style=\"height: 43px;\" width=\"321\">Ch\u1ee9c n\u0103ng Power Booster<\/td>\n<td style=\"height: 43px;\" width=\"302\">C\u1ed9ng h\u01b0\u1edfng c\u00f4ng su\u1ea5t ti\u1ebft ki\u1ec7m 40% \u0111i\u1ec7n n\u0103ng<\/td>\n<\/tr>\n<tr style=\"height: 21px;\">\n<td style=\"height: 21px;\" width=\"321\">Ti\u00eau chu\u1ea9n ch\u1ea5t l\u01b0\u1ee3ng<\/td>\n<td style=\"height: 21px;\" width=\"302\">EMC, CE<\/td>\n<\/tr>\n<tr style=\"height: 21px;\">\n<td style=\"height: 21px;\" width=\"321\">T\u00ednh n\u0103ng n\u1ea5u th\u00f4ng minh<\/td>\n<td style=\"height: 21px;\" width=\"302\">Always temperature<\/td>\n<\/tr>\n<tr style=\"height: 21px;\">\n<td style=\"height: 21px;\" width=\"321\">Kh\u00f3a tr\u1ebb em<\/td>\n<td style=\"height: 21px;\" width=\"302\">C\u00f3<\/td>\n<\/tr>\n<tr style=\"height: 21px;\">\n<td style=\"height: 21px;\" width=\"321\">Kh\u00f3a th\u00f4ng minh<\/td>\n<td style=\"height: 21px;\" width=\"302\">C\u00f3<\/td>\n<\/tr>\n<tr style=\"height: 21px;\">\n<td style=\"height: 21px;\" width=\"321\">H\u1ec7 th\u1ed1ng c\u1ea3m bi\u1ebfn nh\u1eadn di\u1ec7n chu vi \u0111\u00e1y n\u1ed3i<\/td>\n<td style=\"height: 21px;\" width=\"302\">C\u00f3<\/td>\n<\/tr>\n<tr style=\"height: 21px;\">\n<td style=\"height: 21px;\" width=\"321\">H\u1ec7 th\u1ed1ng b\u1ea3o v\u1ec7 t\u1ef1 ng\u1eaft khi qu\u00e1 nhi\u1ec7t, qu\u00e1 \u00e1p<\/td>\n<td style=\"height: 21px;\" width=\"302\">C\u00f3<\/td>\n<\/tr>\n<tr style=\"height: 43px;\">\n<td style=\"height: 43px;\" width=\"321\">T\u1ef1 \u0111\u1ed9ng ng\u1eaft khi kh\u00f4ng c\u00f3 xoong n\u1ed3i tr\u00ean v\u00f9ng n\u1ea5u<\/td>\n<td style=\"height: 43px;\" width=\"302\">C\u00f3<\/td>\n<\/tr>\n<tr style=\"height: 21px;\">\n<td style=\"height: 21px;\" width=\"321\">C\u1ea3nh b\u00e1o nhi\u1ec7t d\u01b0<\/td>\n<td style=\"height: 21px;\" width=\"302\">C\u00f3<\/td>\n<\/tr>\n<tr style=\"height: 21px;\">\n<td style=\"height: 21px;\" width=\"321\">V\u00f9ng n\u1ea5u 1<\/td>\n<td style=\"height: 21px;\" width=\"302\">\u00d8 22cm x 1600W + Booster 2000W<\/td>\n<\/tr>\n<tr style=\"height: 21px;\">\n<td style=\"height: 21px;\" width=\"321\">V\u00f9ng n\u1ea5u 2<\/td>\n<td style=\"height: 21px;\" width=\"302\">\u00d8 22cm x 1600W + Booster 2000W<\/td>\n<\/tr>\n<tr style=\"height: 21px;\">\n<td style=\"height: 21px;\" width=\"321\">T\u1ed5ng c\u00f4ng su\u1ea5t sinh nhi\u1ec7t<\/td>\n<td style=\"height: 21px;\" width=\"302\">4000W<\/td>\n<\/tr>\n<tr style=\"height: 21px;\">\n<td style=\"height: 21px;\" width=\"321\">Ngu\u1ed3n \u0111i\u1ec7n<\/td>\n<td style=\"height: 21px;\" width=\"302\">220V-240V\/50HZ<\/td>\n<\/tr>\n<tr style=\"height: 21px;\">\n<td style=\"height: 21px;\" width=\"321\">K\u00edch th\u01b0\u1edbc s\u1ea3n ph\u1ea9m(r\u1ed9ng x s\u00e2u x cao)<\/td>\n<td style=\"height: 21px;\" width=\"302\">730x420x68(mm)<\/td>\n<\/tr>\n<tr style=\"height: 21px;\">\n<td style=\"height: 21px;\" width=\"321\">K\u00edch th\u01b0\u1edbc kho\u00e9t \u0111\u00e1<\/td>\n<td style=\"height: 21px;\" width=\"302\">670&#215;340(mm)<\/td>\n<\/tr>\n<tr style=\"height: 21px;\">\n<td style=\"height: 21px;\" width=\"321\">B\u1ea3o h\u00e0nh<\/td>\n<td style=\"height: 21px;\" width=\"302\">24 th\u00e1ng<\/td>\n<\/tr>\n<tr style=\"height: 21px;\">\n<td style=\"height: 21px;\" width=\"321\">B\u1ea3o hi\u1ec3m m\u1eb7t k\u00ednh<\/td>\n<td style=\"height: 21px;\" width=\"302\">24 th\u00e1ng<\/td>\n<\/tr>\n<tr style=\"height: 21px;\">\n<td style=\"height: 21px;\" width=\"321\">B\u1ea3o tr\u00ec<\/td>\n<td style=\"height: 21px;\" width=\"302\">Tr\u1ecdn \u0111\u1eddi s\u1ea3n ph\u1ea9m<\/td>\n<\/tr>\n<tr style=\"height: 21px;\">\n<td style=\"height: 21px;\" width=\"321\">Xu\u1ea5t x\u1ee9<\/td>\n<td style=\"height: 21px;\" width=\"302\">Made in Spain<\/td>\n<\/tr>\n<\/tbody>\n<\/table>\n","protected":false},"excerpt":{"rendered":"<p>M\u00e3 s\u1ea3n ph\u1ea9m IWC 2501 BKG Lo\u1ea1i s\u1ea3n ph\u1ea9m B\u1ebfp c\u1ea3m \u1ee9ng t\u1eeb \u0111\u00f4i S\u1ed1 v\u00f9ng n\u1ea5u 02 M\u1eb7t b\u1ebfp K\u00ednh Schott Ceran lo\u1ea1i 1 M\u00e2m nhi\u1ec7t, bo m\u1ea1ch Th\u00f4ng minh th\u1ebf h\u1ec7 m\u1edbi H\u1ec7 th\u1ed1ng t\u1ea3n nhi\u1ec7t Qu\u1ea1t ly t\u00e2m H\u1ec7 th\u1ed1ng \u0111i\u1ec1u khi\u1ec3n Control Touch S\u1ed1 m\u1ee9c c\u00f4ng su\u1ea5t 9 m\u1ee9c c\u00f4ng su\u1ea5t &#8230;<\/p>\n","protected":false},"featured_media":2688,"comment_status":"open","ping_status":"closed","template":"","meta":[],"product_cat":[63],"product_tag":[],"class_list":["post-2687","product","type-product","status-publish","has-post-thumbnail","hentry","product_cat-bep-cam-ung-tu"],"acf":[],"yoast_head":"<!-- This site is optimized with the Yoast SEO plugin v21.2 - https:\/\/yoast.com\/wordpress\/plugins\/seo\/ -->\n<title>B\u1ebfp t\u1eeb \u0111\u00f4i IWC 2501 BKG - Nodor<\/title>\n<meta name=\"robots\" content=\"index, follow, max-snippet:-1, max-image-preview:large, max-video-preview:-1\" \/>\n<link rel=\"canonical\" href=\"https:\/\/nodor.vn\/en\/san-pham\/bep-tu-doi-iwc-2501-bkg\" \/>\n<meta property=\"og:locale\" content=\"en_US\" \/>\n<meta property=\"og:type\" content=\"article\" \/>\n<meta property=\"og:title\" content=\"B\u1ebfp t\u1eeb \u0111\u00f4i IWC 2501 BKG - Nodor\" \/>\n<meta property=\"og:description\" content=\"M\u00e3 s\u1ea3n ph\u1ea9m IWC 2501 BKG Lo\u1ea1i s\u1ea3n ph\u1ea9m B\u1ebfp c\u1ea3m \u1ee9ng t\u1eeb \u0111\u00f4i S\u1ed1 v\u00f9ng n\u1ea5u 02 M\u1eb7t b\u1ebfp K\u00ednh Schott Ceran lo\u1ea1i 1 M\u00e2m nhi\u1ec7t, bo m\u1ea1ch Th\u00f4ng minh th\u1ebf h\u1ec7 m\u1edbi H\u1ec7 th\u1ed1ng t\u1ea3n nhi\u1ec7t Qu\u1ea1t ly t\u00e2m H\u1ec7 th\u1ed1ng \u0111i\u1ec1u khi\u1ec3n Control Touch S\u1ed1 m\u1ee9c c\u00f4ng su\u1ea5t 9 m\u1ee9c c\u00f4ng su\u1ea5t ...\" \/>\n<meta property=\"og:url\" content=\"https:\/\/nodor.vn\/en\/san-pham\/bep-tu-doi-iwc-2501-bkg\" \/>\n<meta property=\"og:site_name\" content=\"Nodor\" \/>\n<meta property=\"article:modified_time\" content=\"2024-03-25T10:30:52+00:00\" \/>\n<meta property=\"og:image\" content=\"https:\/\/nodor.vn\/wp-content\/uploads\/2019\/10\/IWC-2501-BKG.png\" \/>\n\t<meta property=\"og:image:width\" content=\"3311\" \/>\n\t<meta property=\"og:image:height\" content=\"3311\" \/>\n\t<meta property=\"og:image:type\" content=\"image\/png\" \/>\n<meta name=\"twitter:card\" content=\"summary_large_image\" \/>\n<meta name=\"twitter:label1\" content=\"Est. reading time\" \/>\n\t<meta name=\"twitter:data1\" content=\"2 minutes\" \/>\n<script type=\"application\/ld+json\" class=\"yoast-schema-graph\">{\"@context\":\"https:\/\/schema.org\",\"@graph\":[{\"@type\":\"WebPage\",\"@id\":\"https:\/\/nodor.vn\/en\/san-pham\/bep-tu-doi-iwc-2501-bkg\",\"url\":\"https:\/\/nodor.vn\/en\/san-pham\/bep-tu-doi-iwc-2501-bkg\",\"name\":\"B\u1ebfp t\u1eeb \u0111\u00f4i IWC 2501 BKG - Nodor\",\"isPartOf\":{\"@id\":\"https:\/\/nodor.vn\/en#website\"},\"datePublished\":\"2019-10-07T03:10:20+00:00\",\"dateModified\":\"2024-03-25T10:30:52+00:00\",\"breadcrumb\":{\"@id\":\"https:\/\/nodor.vn\/en\/san-pham\/bep-tu-doi-iwc-2501-bkg#breadcrumb\"},\"inLanguage\":\"en-US\",\"potentialAction\":[{\"@type\":\"ReadAction\",\"target\":[\"https:\/\/nodor.vn\/en\/san-pham\/bep-tu-doi-iwc-2501-bkg\"]}]},{\"@type\":\"BreadcrumbList\",\"@id\":\"https:\/\/nodor.vn\/en\/san-pham\/bep-tu-doi-iwc-2501-bkg#breadcrumb\",\"itemListElement\":[{\"@type\":\"ListItem\",\"position\":1,\"name\":\"Trang ch\u1ee7\",\"item\":\"https:\/\/nodor.vn\/en\"},{\"@type\":\"ListItem\",\"position\":2,\"name\":\"Shop\",\"item\":\"https:\/\/nodor.vn\/en\/shop\"},{\"@type\":\"ListItem\",\"position\":3,\"name\":\"B\u1ebfp t\u1eeb \u0111\u00f4i IWC 2501 BKG\"}]},{\"@type\":\"WebSite\",\"@id\":\"https:\/\/nodor.vn\/en#website\",\"url\":\"https:\/\/nodor.vn\/en\",\"name\":\"Nodor\",\"description\":\"Thi\u1ebft b\u1ecb nh\u00e0 b\u1ebfp s\u1ed1 1 T\u00e2y Ban Nha\",\"publisher\":{\"@id\":\"https:\/\/nodor.vn\/en#organization\"},\"potentialAction\":[{\"@type\":\"SearchAction\",\"target\":{\"@type\":\"EntryPoint\",\"urlTemplate\":\"https:\/\/nodor.vn\/en?s={search_term_string}\"},\"query-input\":\"required name=search_term_string\"}],\"inLanguage\":\"en-US\"},{\"@type\":\"Organization\",\"@id\":\"https:\/\/nodor.vn\/en#organization\",\"name\":\"Nodor\",\"url\":\"https:\/\/nodor.vn\/en\",\"logo\":{\"@type\":\"ImageObject\",\"inLanguage\":\"en-US\",\"@id\":\"https:\/\/nodor.vn\/en#\/schema\/logo\/image\/\",\"url\":\"https:\/\/nodor.vn\/wp-content\/uploads\/2019\/05\/logo-nodor.png\",\"contentUrl\":\"https:\/\/nodor.vn\/wp-content\/uploads\/2019\/05\/logo-nodor.png\",\"width\":300,\"height\":90,\"caption\":\"Nodor\"},\"image\":{\"@id\":\"https:\/\/nodor.vn\/en#\/schema\/logo\/image\/\"}}]}<\/script>\n<!-- \/ Yoast SEO plugin. -->","yoast_head_json":{"title":"B\u1ebfp t\u1eeb \u0111\u00f4i IWC 2501 BKG - Nodor","robots":{"index":"index","follow":"follow","max-snippet":"max-snippet:-1","max-image-preview":"max-image-preview:large","max-video-preview":"max-video-preview:-1"},"canonical":"https:\/\/nodor.vn\/en\/san-pham\/bep-tu-doi-iwc-2501-bkg","og_locale":"en_US","og_type":"article","og_title":"B\u1ebfp t\u1eeb \u0111\u00f4i IWC 2501 BKG - Nodor","og_description":"M\u00e3 s\u1ea3n ph\u1ea9m IWC 2501 BKG Lo\u1ea1i s\u1ea3n ph\u1ea9m B\u1ebfp c\u1ea3m \u1ee9ng t\u1eeb \u0111\u00f4i S\u1ed1 v\u00f9ng n\u1ea5u 02 M\u1eb7t b\u1ebfp K\u00ednh Schott Ceran lo\u1ea1i 1 M\u00e2m nhi\u1ec7t, bo m\u1ea1ch Th\u00f4ng minh th\u1ebf h\u1ec7 m\u1edbi H\u1ec7 th\u1ed1ng t\u1ea3n nhi\u1ec7t Qu\u1ea1t ly t\u00e2m H\u1ec7 th\u1ed1ng \u0111i\u1ec1u khi\u1ec3n Control Touch S\u1ed1 m\u1ee9c c\u00f4ng su\u1ea5t 9 m\u1ee9c c\u00f4ng su\u1ea5t ...","og_url":"https:\/\/nodor.vn\/en\/san-pham\/bep-tu-doi-iwc-2501-bkg","og_site_name":"Nodor","article_modified_time":"2024-03-25T10:30:52+00:00","og_image":[{"width":3311,"height":3311,"url":"https:\/\/nodor.vn\/wp-content\/uploads\/2019\/10\/IWC-2501-BKG.png","type":"image\/png"}],"twitter_card":"summary_large_image","twitter_misc":{"Est. reading time":"2 minutes"},"schema":{"@context":"https:\/\/schema.org","@graph":[{"@type":"WebPage","@id":"https:\/\/nodor.vn\/en\/san-pham\/bep-tu-doi-iwc-2501-bkg","url":"https:\/\/nodor.vn\/en\/san-pham\/bep-tu-doi-iwc-2501-bkg","name":"B\u1ebfp t\u1eeb \u0111\u00f4i IWC 2501 BKG - Nodor","isPartOf":{"@id":"https:\/\/nodor.vn\/en#website"},"datePublished":"2019-10-07T03:10:20+00:00","dateModified":"2024-03-25T10:30:52+00:00","breadcrumb":{"@id":"https:\/\/nodor.vn\/en\/san-pham\/bep-tu-doi-iwc-2501-bkg#breadcrumb"},"inLanguage":"en-US","potentialAction":[{"@type":"ReadAction","target":["https:\/\/nodor.vn\/en\/san-pham\/bep-tu-doi-iwc-2501-bkg"]}]},{"@type":"BreadcrumbList","@id":"https:\/\/nodor.vn\/en\/san-pham\/bep-tu-doi-iwc-2501-bkg#breadcrumb","itemListElement":[{"@type":"ListItem","position":1,"name":"Trang ch\u1ee7","item":"https:\/\/nodor.vn\/en"},{"@type":"ListItem","position":2,"name":"Shop","item":"https:\/\/nodor.vn\/en\/shop"},{"@type":"ListItem","position":3,"name":"B\u1ebfp t\u1eeb \u0111\u00f4i IWC 2501 BKG"}]},{"@type":"WebSite","@id":"https:\/\/nodor.vn\/en#website","url":"https:\/\/nodor.vn\/en","name":"Nodor","description":"Thi\u1ebft b\u1ecb nh\u00e0 b\u1ebfp s\u1ed1 1 T\u00e2y Ban Nha","publisher":{"@id":"https:\/\/nodor.vn\/en#organization"},"potentialAction":[{"@type":"SearchAction","target":{"@type":"EntryPoint","urlTemplate":"https:\/\/nodor.vn\/en?s={search_term_string}"},"query-input":"required name=search_term_string"}],"inLanguage":"en-US"},{"@type":"Organization","@id":"https:\/\/nodor.vn\/en#organization","name":"Nodor","url":"https:\/\/nodor.vn\/en","logo":{"@type":"ImageObject","inLanguage":"en-US","@id":"https:\/\/nodor.vn\/en#\/schema\/logo\/image\/","url":"https:\/\/nodor.vn\/wp-content\/uploads\/2019\/05\/logo-nodor.png","contentUrl":"https:\/\/nodor.vn\/wp-content\/uploads\/2019\/05\/logo-nodor.png","width":300,"height":90,"caption":"Nodor"},"image":{"@id":"https:\/\/nodor.vn\/en#\/schema\/logo\/image\/"}}]}},"_links":{"self":[{"href":"https:\/\/nodor.vn\/en\/wp-json\/wp\/v2\/product\/2687","targetHints":{"allow":["GET"]}}],"collection":[{"href":"https:\/\/nodor.vn\/en\/wp-json\/wp\/v2\/product"}],"about":[{"href":"https:\/\/nodor.vn\/en\/wp-json\/wp\/v2\/types\/product"}],"replies":[{"embeddable":true,"href":"https:\/\/nodor.vn\/en\/wp-json\/wp\/v2\/comments?post=2687"}],"wp:featuredmedia":[{"embeddable":true,"href":"https:\/\/nodor.vn\/en\/wp-json\/wp\/v2\/media\/2688"}],"wp:attachment":[{"href":"https:\/\/nodor.vn\/en\/wp-json\/wp\/v2\/media?parent=2687"}],"wp:term":[{"taxonomy":"product_cat","embeddable":true,"href":"https:\/\/nodor.vn\/en\/wp-json\/wp\/v2\/product_cat?post=2687"},{"taxonomy":"product_tag","embeddable":true,"href":"https:\/\/nodor.vn\/en\/wp-json\/wp\/v2\/product_tag?post=2687"}],"curies":[{"name":"wp","href":"https:\/\/api.w.org\/{rel}","templated":true}]}}