{"id":2672,"date":"2019-09-24T08:42:04","date_gmt":"2019-09-24T01:42:04","guid":{"rendered":"https:\/\/nodor.vn\/?post_type=product&#038;p=2672"},"modified":"2024-10-10T19:38:38","modified_gmt":"2024-10-10T12:38:38","slug":"lo-nuong-am-d-6206-ac-x","status":"publish","type":"product","link":"https:\/\/nodor.vn\/en\/san-pham\/lo-nuong-am-d-6206-ac-x","title":{"rendered":"L\u00f2 N\u01b0\u1edbng \u00c2m D 6206 AC X"},"content":{"rendered":"<table style=\"width: 79.2989%; height: 504px;\">\n<tbody>\n<tr style=\"height: 21px;\">\n<td style=\"height: 21px;\" width=\"402\">M\u00e3 s\u1ea3n ph\u1ea9m<\/td>\n<td style=\"height: 21px;\" width=\"378\"><a href=\"https:\/\/thietbivesinh247.vn\/thuong-hieu\/nodor\/?s=nodor\">D 6206 AC X<\/a><\/td>\n<\/tr>\n<tr style=\"height: 21px;\">\n<td style=\"height: 21px;\" width=\"402\">Lo\u1ea1i s\u1ea3n ph\u1ea9m<\/td>\n<td style=\"height: 21px;\" width=\"378\">L\u00f2 n\u01b0\u1edbng \u00e2m t\u1ee7<\/td>\n<\/tr>\n<tr style=\"height: 21px;\">\n<td style=\"height: 21px;\" width=\"402\">Ch\u1ea5t li\u1ec7u s\u1ea3n ph\u1ea9m<\/td>\n<td style=\"height: 21px;\" width=\"378\">INOX, k\u00ednh c\u01b0\u1eddng l\u1ef1c ch\u1ecbu nhi\u1ec7t vi\u1ec1n INOX<\/td>\n<\/tr>\n<tr style=\"height: 21px;\">\n<td style=\"height: 21px;\" width=\"402\">Ti\u00eau chu\u1ea9n ch\u1ea5t l\u01b0\u1ee3ng<\/td>\n<td style=\"height: 21px;\" width=\"378\">EMC, CE<\/td>\n<\/tr>\n<tr style=\"height: 21px;\">\n<td style=\"height: 21px;\" width=\"402\">Dung t\u00edch l\u00f2<\/td>\n<td style=\"height: 21px;\" width=\"378\">60 l\u00edt<\/td>\n<\/tr>\n<tr style=\"height: 21px;\">\n<td style=\"height: 21px;\" width=\"402\">L\u00f2 n\u01b0\u1edbng \u0111a ch\u1ee9c n\u0103ng<\/td>\n<td style=\"height: 21px;\" width=\"378\">9 ch\u1ee9c n\u0103ng<\/td>\n<\/tr>\n<tr style=\"height: 21px;\">\n<td style=\"height: 21px;\" width=\"402\">C\u00f4ng ngh\u1ec7 l\u00e0m s\u1ea1ch t\u1ef1 \u0111\u1ed9ng<\/td>\n<td style=\"height: 21px;\" width=\"378\">Aqua Clean<\/td>\n<\/tr>\n<tr style=\"height: 21px;\">\n<td style=\"height: 21px;\" width=\"402\">B\u1ea3ng \u0111i\u1ec1u khi\u1ec3n<\/td>\n<td style=\"height: 21px;\" width=\"378\">C\u01a1<\/td>\n<\/tr>\n<tr style=\"height: 21px;\">\n<td style=\"height: 21px;\" width=\"402\">Khoang l\u00f2<\/td>\n<td style=\"height: 21px;\" width=\"378\">Tr\u00e1ng men<\/td>\n<\/tr>\n<tr style=\"height: 21px;\">\n<td style=\"height: 21px;\" width=\"402\">C\u1eeda k\u00ednh<\/td>\n<td style=\"height: 21px;\" width=\"378\">3 l\u1edbp<\/td>\n<\/tr>\n<tr style=\"height: 21px;\">\n<td style=\"height: 21px;\" width=\"402\">H\u1ec7 th\u1ed1ng t\u1ef1 ng\u1eaft \u0111i\u1ec7n khi m\u1edf c\u1eeda l\u00f2<\/td>\n<td style=\"height: 21px;\" width=\"378\">C\u00f3<\/td>\n<\/tr>\n<tr style=\"height: 21px;\">\n<td style=\"height: 21px;\" width=\"402\">Kh\u00f3a tr\u1ebb em<\/td>\n<td style=\"height: 21px;\" width=\"378\">C\u00f3<\/td>\n<\/tr>\n<tr style=\"height: 21px;\">\n<td style=\"height: 21px;\" width=\"402\">H\u1ec7 th\u1ed1ng qu\u1ea1t t\u1ef1 l\u00e0m m\u00e1t<\/td>\n<td style=\"height: 21px;\" width=\"378\">C\u00f3<\/td>\n<\/tr>\n<tr style=\"height: 21px;\">\n<td style=\"height: 21px;\" width=\"402\">Ch\u1ebf \u0111\u1ed9 h\u1eb9n gi\u1edd<\/td>\n<td style=\"height: 21px;\" width=\"378\">C\u00f3<\/td>\n<\/tr>\n<tr style=\"height: 21px;\">\n<td style=\"height: 21px;\" width=\"402\">\u0110\u00e8n chi\u1ebfu s\u00e1ng b\u00ean trong<\/td>\n<td style=\"height: 21px;\" width=\"378\">C\u00f3<\/td>\n<\/tr>\n<tr style=\"height: 21px;\">\n<td style=\"height: 21px;\" width=\"402\">Ch\u1ee9c n\u0103ng gia nhi\u1ec7t nhanh<\/td>\n<td style=\"height: 21px;\" width=\"378\">C\u00f3<\/td>\n<\/tr>\n<tr style=\"height: 21px;\">\n<td style=\"height: 21px;\" width=\"402\">Ch\u1ee9c n\u0103ng n\u01b0\u1edbng \u0111\u1ed1i l\u01b0u<\/td>\n<td style=\"height: 21px;\" width=\"378\">C\u00f3<\/td>\n<\/tr>\n<tr style=\"height: 21px;\">\n<td style=\"height: 21px;\" width=\"402\">Ch\u1ee9c n\u0103ng n\u01b0\u1edbng Turbo<\/td>\n<td style=\"height: 21px;\" width=\"378\">C\u00f3<\/td>\n<\/tr>\n<tr style=\"height: 21px;\">\n<td style=\"height: 21px;\" width=\"402\">C\u00f4ng su\u1ea5t<\/td>\n<td style=\"height: 21px;\" width=\"378\">3100W<\/td>\n<\/tr>\n<tr style=\"height: 21px;\">\n<td style=\"height: 21px;\" width=\"402\">Ngu\u1ed3n \u0111i\u1ec7n<\/td>\n<td style=\"height: 21px;\" width=\"378\">220V\/50HZ<\/td>\n<\/tr>\n<tr style=\"height: 21px;\">\n<td style=\"height: 21px;\" width=\"402\">K\u00edch th\u01b0\u1edbc \u00e2m t\u1ee7(r\u1ed9ng x cao x s\u00e2u)<\/td>\n<td style=\"height: 21px;\" width=\"378\">560 x 585 x 560<\/td>\n<\/tr>\n<tr style=\"height: 21px;\">\n<td style=\"height: 21px;\" width=\"402\">B\u1ea3o h\u00e0nh<\/td>\n<td style=\"height: 21px;\" width=\"378\">24 th\u00e1ng<\/td>\n<\/tr>\n<tr style=\"height: 21px;\">\n<td style=\"height: 21px;\" width=\"402\">B\u1ea3o tr\u00ec<\/td>\n<td style=\"height: 21px;\" width=\"378\">Tr\u1ecdn \u0111\u1eddi s\u1ea3n ph\u1ea9m<\/td>\n<\/tr>\n<tr style=\"height: 21px;\">\n<td style=\"height: 21px;\" width=\"402\">Xu\u1ea5t x\u1ee9<\/td>\n<td style=\"height: 21px;\" width=\"378\">Made in EU<\/td>\n<\/tr>\n<\/tbody>\n<\/table>\n","protected":false},"excerpt":{"rendered":"<p>M\u00e3 s\u1ea3n ph\u1ea9m D 6206 AC X Lo\u1ea1i s\u1ea3n ph\u1ea9m L\u00f2 n\u01b0\u1edbng \u00e2m t\u1ee7 Ch\u1ea5t li\u1ec7u s\u1ea3n ph\u1ea9m INOX, k\u00ednh c\u01b0\u1eddng l\u1ef1c ch\u1ecbu nhi\u1ec7t vi\u1ec1n INOX Ti\u00eau chu\u1ea9n ch\u1ea5t l\u01b0\u1ee3ng EMC, CE Dung t\u00edch l\u00f2 60 l\u00edt L\u00f2 n\u01b0\u1edbng \u0111a ch\u1ee9c n\u0103ng 9 ch\u1ee9c n\u0103ng C\u00f4ng ngh\u1ec7 l\u00e0m s\u1ea1ch t\u1ef1 \u0111\u1ed9ng Aqua Clean B\u1ea3ng \u0111i\u1ec1u &#8230;<\/p>\n","protected":false},"featured_media":2673,"comment_status":"open","ping_status":"closed","template":"","meta":[],"product_cat":[67],"product_tag":[],"class_list":["post-2672","product","type-product","status-publish","has-post-thumbnail","hentry","product_cat-lo-nuong-da-chuc-nang"],"acf":[],"yoast_head":"<!-- This site is optimized with the Yoast SEO plugin v21.2 - https:\/\/yoast.com\/wordpress\/plugins\/seo\/ -->\n<title>L\u00f2 N\u01b0\u1edbng \u00c2m D 6206 AC X - Nodor<\/title>\n<meta name=\"robots\" content=\"index, follow, max-snippet:-1, max-image-preview:large, max-video-preview:-1\" \/>\n<link rel=\"canonical\" href=\"https:\/\/nodor.vn\/en\/san-pham\/lo-nuong-am-d-6206-ac-x\" \/>\n<meta property=\"og:locale\" content=\"en_US\" \/>\n<meta property=\"og:type\" content=\"article\" \/>\n<meta property=\"og:title\" content=\"L\u00f2 N\u01b0\u1edbng \u00c2m D 6206 AC X - Nodor\" \/>\n<meta property=\"og:description\" content=\"M\u00e3 s\u1ea3n ph\u1ea9m D 6206 AC X Lo\u1ea1i s\u1ea3n ph\u1ea9m L\u00f2 n\u01b0\u1edbng \u00e2m t\u1ee7 Ch\u1ea5t li\u1ec7u s\u1ea3n ph\u1ea9m INOX, k\u00ednh c\u01b0\u1eddng l\u1ef1c ch\u1ecbu nhi\u1ec7t vi\u1ec1n INOX Ti\u00eau chu\u1ea9n ch\u1ea5t l\u01b0\u1ee3ng EMC, CE Dung t\u00edch l\u00f2 60 l\u00edt L\u00f2 n\u01b0\u1edbng \u0111a ch\u1ee9c n\u0103ng 9 ch\u1ee9c n\u0103ng C\u00f4ng ngh\u1ec7 l\u00e0m s\u1ea1ch t\u1ef1 \u0111\u1ed9ng Aqua Clean B\u1ea3ng \u0111i\u1ec1u ...\" \/>\n<meta property=\"og:url\" content=\"https:\/\/nodor.vn\/en\/san-pham\/lo-nuong-am-d-6206-ac-x\" \/>\n<meta property=\"og:site_name\" content=\"Nodor\" \/>\n<meta property=\"article:modified_time\" content=\"2024-10-10T12:38:38+00:00\" \/>\n<meta property=\"og:image\" content=\"https:\/\/nodor.vn\/wp-content\/uploads\/2019\/09\/D-6206-AC-X.png\" \/>\n\t<meta property=\"og:image:width\" content=\"300\" \/>\n\t<meta property=\"og:image:height\" content=\"300\" \/>\n\t<meta property=\"og:image:type\" content=\"image\/png\" \/>\n<meta name=\"twitter:card\" content=\"summary_large_image\" \/>\n<meta name=\"twitter:label1\" content=\"Est. reading time\" \/>\n\t<meta name=\"twitter:data1\" content=\"1 minute\" \/>\n<script type=\"application\/ld+json\" class=\"yoast-schema-graph\">{\"@context\":\"https:\/\/schema.org\",\"@graph\":[{\"@type\":\"WebPage\",\"@id\":\"https:\/\/nodor.vn\/en\/san-pham\/lo-nuong-am-d-6206-ac-x\",\"url\":\"https:\/\/nodor.vn\/en\/san-pham\/lo-nuong-am-d-6206-ac-x\",\"name\":\"L\u00f2 N\u01b0\u1edbng \u00c2m D 6206 AC X - Nodor\",\"isPartOf\":{\"@id\":\"https:\/\/nodor.vn\/en#website\"},\"datePublished\":\"2019-09-24T01:42:04+00:00\",\"dateModified\":\"2024-10-10T12:38:38+00:00\",\"breadcrumb\":{\"@id\":\"https:\/\/nodor.vn\/en\/san-pham\/lo-nuong-am-d-6206-ac-x#breadcrumb\"},\"inLanguage\":\"en-US\",\"potentialAction\":[{\"@type\":\"ReadAction\",\"target\":[\"https:\/\/nodor.vn\/en\/san-pham\/lo-nuong-am-d-6206-ac-x\"]}]},{\"@type\":\"BreadcrumbList\",\"@id\":\"https:\/\/nodor.vn\/en\/san-pham\/lo-nuong-am-d-6206-ac-x#breadcrumb\",\"itemListElement\":[{\"@type\":\"ListItem\",\"position\":1,\"name\":\"Trang ch\u1ee7\",\"item\":\"https:\/\/nodor.vn\/en\"},{\"@type\":\"ListItem\",\"position\":2,\"name\":\"Shop\",\"item\":\"https:\/\/nodor.vn\/en\/shop\"},{\"@type\":\"ListItem\",\"position\":3,\"name\":\"L\u00f2 N\u01b0\u1edbng \u00c2m D 6206 AC X\"}]},{\"@type\":\"WebSite\",\"@id\":\"https:\/\/nodor.vn\/en#website\",\"url\":\"https:\/\/nodor.vn\/en\",\"name\":\"Nodor\",\"description\":\"Thi\u1ebft b\u1ecb nh\u00e0 b\u1ebfp s\u1ed1 1 T\u00e2y Ban Nha\",\"publisher\":{\"@id\":\"https:\/\/nodor.vn\/en#organization\"},\"potentialAction\":[{\"@type\":\"SearchAction\",\"target\":{\"@type\":\"EntryPoint\",\"urlTemplate\":\"https:\/\/nodor.vn\/en?s={search_term_string}\"},\"query-input\":\"required name=search_term_string\"}],\"inLanguage\":\"en-US\"},{\"@type\":\"Organization\",\"@id\":\"https:\/\/nodor.vn\/en#organization\",\"name\":\"Nodor\",\"url\":\"https:\/\/nodor.vn\/en\",\"logo\":{\"@type\":\"ImageObject\",\"inLanguage\":\"en-US\",\"@id\":\"https:\/\/nodor.vn\/en#\/schema\/logo\/image\/\",\"url\":\"https:\/\/nodor.vn\/wp-content\/uploads\/2019\/05\/logo-nodor.png\",\"contentUrl\":\"https:\/\/nodor.vn\/wp-content\/uploads\/2019\/05\/logo-nodor.png\",\"width\":300,\"height\":90,\"caption\":\"Nodor\"},\"image\":{\"@id\":\"https:\/\/nodor.vn\/en#\/schema\/logo\/image\/\"}}]}<\/script>\n<!-- \/ Yoast SEO plugin. -->","yoast_head_json":{"title":"L\u00f2 N\u01b0\u1edbng \u00c2m D 6206 AC X - Nodor","robots":{"index":"index","follow":"follow","max-snippet":"max-snippet:-1","max-image-preview":"max-image-preview:large","max-video-preview":"max-video-preview:-1"},"canonical":"https:\/\/nodor.vn\/en\/san-pham\/lo-nuong-am-d-6206-ac-x","og_locale":"en_US","og_type":"article","og_title":"L\u00f2 N\u01b0\u1edbng \u00c2m D 6206 AC X - Nodor","og_description":"M\u00e3 s\u1ea3n ph\u1ea9m D 6206 AC X Lo\u1ea1i s\u1ea3n ph\u1ea9m L\u00f2 n\u01b0\u1edbng \u00e2m t\u1ee7 Ch\u1ea5t li\u1ec7u s\u1ea3n ph\u1ea9m INOX, k\u00ednh c\u01b0\u1eddng l\u1ef1c ch\u1ecbu nhi\u1ec7t vi\u1ec1n INOX Ti\u00eau chu\u1ea9n ch\u1ea5t l\u01b0\u1ee3ng EMC, CE Dung t\u00edch l\u00f2 60 l\u00edt L\u00f2 n\u01b0\u1edbng \u0111a ch\u1ee9c n\u0103ng 9 ch\u1ee9c n\u0103ng C\u00f4ng ngh\u1ec7 l\u00e0m s\u1ea1ch t\u1ef1 \u0111\u1ed9ng Aqua Clean B\u1ea3ng \u0111i\u1ec1u ...","og_url":"https:\/\/nodor.vn\/en\/san-pham\/lo-nuong-am-d-6206-ac-x","og_site_name":"Nodor","article_modified_time":"2024-10-10T12:38:38+00:00","og_image":[{"width":300,"height":300,"url":"https:\/\/nodor.vn\/wp-content\/uploads\/2019\/09\/D-6206-AC-X.png","type":"image\/png"}],"twitter_card":"summary_large_image","twitter_misc":{"Est. reading time":"1 minute"},"schema":{"@context":"https:\/\/schema.org","@graph":[{"@type":"WebPage","@id":"https:\/\/nodor.vn\/en\/san-pham\/lo-nuong-am-d-6206-ac-x","url":"https:\/\/nodor.vn\/en\/san-pham\/lo-nuong-am-d-6206-ac-x","name":"L\u00f2 N\u01b0\u1edbng \u00c2m D 6206 AC X - Nodor","isPartOf":{"@id":"https:\/\/nodor.vn\/en#website"},"datePublished":"2019-09-24T01:42:04+00:00","dateModified":"2024-10-10T12:38:38+00:00","breadcrumb":{"@id":"https:\/\/nodor.vn\/en\/san-pham\/lo-nuong-am-d-6206-ac-x#breadcrumb"},"inLanguage":"en-US","potentialAction":[{"@type":"ReadAction","target":["https:\/\/nodor.vn\/en\/san-pham\/lo-nuong-am-d-6206-ac-x"]}]},{"@type":"BreadcrumbList","@id":"https:\/\/nodor.vn\/en\/san-pham\/lo-nuong-am-d-6206-ac-x#breadcrumb","itemListElement":[{"@type":"ListItem","position":1,"name":"Trang ch\u1ee7","item":"https:\/\/nodor.vn\/en"},{"@type":"ListItem","position":2,"name":"Shop","item":"https:\/\/nodor.vn\/en\/shop"},{"@type":"ListItem","position":3,"name":"L\u00f2 N\u01b0\u1edbng \u00c2m D 6206 AC X"}]},{"@type":"WebSite","@id":"https:\/\/nodor.vn\/en#website","url":"https:\/\/nodor.vn\/en","name":"Nodor","description":"Thi\u1ebft b\u1ecb nh\u00e0 b\u1ebfp s\u1ed1 1 T\u00e2y Ban Nha","publisher":{"@id":"https:\/\/nodor.vn\/en#organization"},"potentialAction":[{"@type":"SearchAction","target":{"@type":"EntryPoint","urlTemplate":"https:\/\/nodor.vn\/en?s={search_term_string}"},"query-input":"required name=search_term_string"}],"inLanguage":"en-US"},{"@type":"Organization","@id":"https:\/\/nodor.vn\/en#organization","name":"Nodor","url":"https:\/\/nodor.vn\/en","logo":{"@type":"ImageObject","inLanguage":"en-US","@id":"https:\/\/nodor.vn\/en#\/schema\/logo\/image\/","url":"https:\/\/nodor.vn\/wp-content\/uploads\/2019\/05\/logo-nodor.png","contentUrl":"https:\/\/nodor.vn\/wp-content\/uploads\/2019\/05\/logo-nodor.png","width":300,"height":90,"caption":"Nodor"},"image":{"@id":"https:\/\/nodor.vn\/en#\/schema\/logo\/image\/"}}]}},"_links":{"self":[{"href":"https:\/\/nodor.vn\/en\/wp-json\/wp\/v2\/product\/2672","targetHints":{"allow":["GET"]}}],"collection":[{"href":"https:\/\/nodor.vn\/en\/wp-json\/wp\/v2\/product"}],"about":[{"href":"https:\/\/nodor.vn\/en\/wp-json\/wp\/v2\/types\/product"}],"replies":[{"embeddable":true,"href":"https:\/\/nodor.vn\/en\/wp-json\/wp\/v2\/comments?post=2672"}],"wp:featuredmedia":[{"embeddable":true,"href":"https:\/\/nodor.vn\/en\/wp-json\/wp\/v2\/media\/2673"}],"wp:attachment":[{"href":"https:\/\/nodor.vn\/en\/wp-json\/wp\/v2\/media?parent=2672"}],"wp:term":[{"taxonomy":"product_cat","embeddable":true,"href":"https:\/\/nodor.vn\/en\/wp-json\/wp\/v2\/product_cat?post=2672"},{"taxonomy":"product_tag","embeddable":true,"href":"https:\/\/nodor.vn\/en\/wp-json\/wp\/v2\/product_tag?post=2672"}],"curies":[{"name":"wp","href":"https:\/\/api.w.org\/{rel}","templated":true}]}}