{"id":1279,"date":"2019-05-05T15:22:59","date_gmt":"2019-05-05T08:22:59","guid":{"rendered":"https:\/\/nodor.xuongweb.vn\/san-pham\/isla-orion-900"},"modified":"2022-07-11T08:54:47","modified_gmt":"2022-07-11T01:54:47","slug":"isla-orion-900","status":"publish","type":"product","link":"https:\/\/nodor.vn\/en\/san-pham\/isla-orion-900","title":{"rendered":"H\u00daT M\u00d9I \u0110\u1ea2O ISLA ORION 900"},"content":{"rendered":"<table>\n<tbody>\n<tr>\n<td width=\"302\">M\u00e3 s\u1ea3n ph\u1ea9m<\/td>\n<td width=\"302\"><a href=\"https:\/\/thietbivesinh247.vn\/thuong-hieu\/nodor\/page\/2?s=nodor\">ISLA ORION 900<\/a><\/td>\n<\/tr>\n<tr>\n<td width=\"302\">Ki\u1ec3u d\u00e1ng<\/td>\n<td width=\"302\">H\u00fat m\u00f9i \u0111\u1ea3o \u0111\u1ed9c l\u1eadp<\/td>\n<\/tr>\n<tr>\n<td width=\"302\">\u0110\u1ed9ng c\u01a1<\/td>\n<td width=\"302\">Turbin \u0111\u00f4i si\u00eau b\u1ec1n<\/td>\n<\/tr>\n<tr>\n<td width=\"302\">C\u00f4ng su\u1ea5t \u0111\u1ed9ng c\u01a1<\/td>\n<td width=\"302\">100W<\/td>\n<\/tr>\n<tr>\n<td width=\"302\">C\u00f4ng su\u1ea5t h\u00fat<\/td>\n<td width=\"302\">1100 m<sup>3<\/sup>\/h<\/td>\n<\/tr>\n<tr>\n<td width=\"302\">\u0110\u1ed9 n\u00e9n kh\u00ed<\/td>\n<td width=\"302\">375 Pa<\/td>\n<\/tr>\n<tr>\n<td width=\"302\">\u0110\u1ed9 \u1ed3n t\u1ed1i \u0111a<\/td>\n<td width=\"302\">39 dB<\/td>\n<\/tr>\n<tr>\n<td width=\"302\">S\u1ed1 t\u1ed1c \u0111\u1ed9<\/td>\n<td width=\"302\">10<\/td>\n<\/tr>\n<tr>\n<td width=\"302\">\u0110\u00e8n chi\u1ebfu s\u00e1ng<\/td>\n<td width=\"302\">02 super LED x 3W si\u00eau s\u00e1ng, si\u00eau b\u1ec1n<\/td>\n<\/tr>\n<tr>\n<td width=\"302\">Ph\u00edm \u0111i\u1ec1u khi\u1ec3n<\/td>\n<td width=\"302\">C\u1ea3m \u1ee9ng<\/td>\n<\/tr>\n<tr>\n<td width=\"302\">B\u1ed9 l\u1ecdc d\u1ea7u m\u1ee1<\/td>\n<td width=\"302\">T\u1ea5m l\u1ecdc Alu si\u00eau b\u1ec1n, d\u1ec5 v\u1ec7 sinh<\/td>\n<\/tr>\n<tr>\n<td width=\"302\">Ch\u1ea5t li\u1ec7u, m\u00e0u s\u1eafc<\/td>\n<td width=\"302\">INOX cao c\u1ea5p, m\u1eb7t k\u00ednh \u0111en c\u01b0\u1eddng l\u1ef1c<\/td>\n<\/tr>\n<tr>\n<td width=\"302\">K\u00edch th\u01b0\u1edbc s\u1ea3n ph\u1ea9m<\/td>\n<td width=\"302\">900 mm<\/td>\n<\/tr>\n<tr>\n<td width=\"302\">K\u00edch th\u01b0\u1edbc \u1ed1ng tho\u00e1t<\/td>\n<td width=\"302\">150 mm<\/td>\n<\/tr>\n<tr>\n<td width=\"302\">Ch\u1ebf \u0111\u1ed9 h\u00fat \u0111\u1ea9y ra ngo\u00e0i qua \u1ed1ng tho\u00e1t<\/td>\n<td width=\"302\">C\u00f3<\/td>\n<\/tr>\n<tr>\n<td width=\"302\">C\u00e0i \u0111\u1eb7t th\u1eddi gian h\u00fat<\/td>\n<td width=\"302\">C\u00f3<\/td>\n<\/tr>\n<tr>\n<td width=\"302\">M\u00e0n h\u00ecnh hi\u1ec3n th\u1ecb t\u1ed1c \u0111\u1ed9<\/td>\n<td width=\"302\">C\u00f3<\/td>\n<\/tr>\n<tr>\n<td width=\"302\">\u0110\u00e8n c\u1ea3nh b\u00e1o v\u1ec7 sinh phin l\u1ecdc d\u1ea7u m\u1ee1<\/td>\n<td width=\"302\">C\u00f3<\/td>\n<\/tr>\n<tr>\n<td width=\"302\">\u0110i\u1ec7n ngu\u1ed3n<\/td>\n<td width=\"302\">220V\/50HZ<\/td>\n<\/tr>\n<tr>\n<td width=\"302\">B\u1ea3o h\u00e0nh<\/td>\n<td width=\"302\">24 th\u00e1ng<\/td>\n<\/tr>\n<tr>\n<td width=\"302\">B\u1ea3o tr\u00ec<\/td>\n<td width=\"302\">Tr\u1ecdn \u0111\u1eddi m\u00e1y<\/td>\n<\/tr>\n<tr>\n<td width=\"302\">Xu\u1ea5t x\u1ee9<\/td>\n<td width=\"302\">Made in Spain<\/td>\n<\/tr>\n<\/tbody>\n<\/table>\n","protected":false},"excerpt":{"rendered":"<p>M\u00e3 s\u1ea3n ph\u1ea9m ISLA ORION 900 Ki\u1ec3u d\u00e1ng H\u00fat m\u00f9i \u0111\u1ea3o \u0111\u1ed9c l\u1eadp \u0110\u1ed9ng c\u01a1 Turbin \u0111\u00f4i si\u00eau b\u1ec1n C\u00f4ng su\u1ea5t \u0111\u1ed9ng c\u01a1 100W C\u00f4ng su\u1ea5t h\u00fat 1100 m3\/h \u0110\u1ed9 n\u00e9n kh\u00ed 375 Pa \u0110\u1ed9 \u1ed3n t\u1ed1i \u0111a 39 dB S\u1ed1 t\u1ed1c \u0111\u1ed9 10 \u0110\u00e8n chi\u1ebfu s\u00e1ng 02 super LED x 3W si\u00eau s\u00e1ng, si\u00eau &#8230;<\/p>\n","protected":false},"featured_media":2077,"comment_status":"open","ping_status":"closed","template":"","meta":[],"product_cat":[62],"product_tag":[78,76,75],"class_list":["post-1279","product","type-product","status-publish","has-post-thumbnail","hentry","product_cat-may-hut-mui-dao","product_tag-hut-mui","product_tag-may-hut-mui","product_tag-may-hut-mui-dao"],"acf":[],"yoast_head":"<!-- This site is optimized with the Yoast SEO plugin v21.2 - https:\/\/yoast.com\/wordpress\/plugins\/seo\/ -->\n<title>H\u00daT M\u00d9I \u0110\u1ea2O ISLA ORION 900 - Nodor<\/title>\n<meta name=\"robots\" content=\"index, follow, max-snippet:-1, max-image-preview:large, max-video-preview:-1\" \/>\n<link rel=\"canonical\" href=\"https:\/\/nodor.vn\/en\/san-pham\/isla-orion-900\" \/>\n<meta property=\"og:locale\" content=\"en_US\" \/>\n<meta property=\"og:type\" content=\"article\" \/>\n<meta property=\"og:title\" content=\"H\u00daT M\u00d9I \u0110\u1ea2O ISLA ORION 900 - Nodor\" \/>\n<meta property=\"og:description\" content=\"M\u00e3 s\u1ea3n ph\u1ea9m ISLA ORION 900 Ki\u1ec3u d\u00e1ng H\u00fat m\u00f9i \u0111\u1ea3o \u0111\u1ed9c l\u1eadp \u0110\u1ed9ng c\u01a1 Turbin \u0111\u00f4i si\u00eau b\u1ec1n C\u00f4ng su\u1ea5t \u0111\u1ed9ng c\u01a1 100W C\u00f4ng su\u1ea5t h\u00fat 1100 m3\/h \u0110\u1ed9 n\u00e9n kh\u00ed 375 Pa \u0110\u1ed9 \u1ed3n t\u1ed1i \u0111a 39 dB S\u1ed1 t\u1ed1c \u0111\u1ed9 10 \u0110\u00e8n chi\u1ebfu s\u00e1ng 02 super LED x 3W si\u00eau s\u00e1ng, si\u00eau ...\" \/>\n<meta property=\"og:url\" content=\"https:\/\/nodor.vn\/en\/san-pham\/isla-orion-900\" \/>\n<meta property=\"og:site_name\" content=\"Nodor\" \/>\n<meta property=\"article:modified_time\" content=\"2022-07-11T01:54:47+00:00\" \/>\n<meta property=\"og:image\" content=\"https:\/\/nodor.vn\/wp-content\/uploads\/2019\/05\/ISLA-ORION-900-8457-9-1.jpg\" \/>\n\t<meta property=\"og:image:width\" content=\"3305\" \/>\n\t<meta property=\"og:image:height\" content=\"3304\" \/>\n\t<meta property=\"og:image:type\" content=\"image\/jpeg\" \/>\n<meta name=\"twitter:card\" content=\"summary_large_image\" \/>\n<meta name=\"twitter:label1\" content=\"Est. reading time\" \/>\n\t<meta name=\"twitter:data1\" content=\"1 minute\" \/>\n<script type=\"application\/ld+json\" class=\"yoast-schema-graph\">{\"@context\":\"https:\/\/schema.org\",\"@graph\":[{\"@type\":\"WebPage\",\"@id\":\"https:\/\/nodor.vn\/en\/san-pham\/isla-orion-900\",\"url\":\"https:\/\/nodor.vn\/en\/san-pham\/isla-orion-900\",\"name\":\"H\u00daT M\u00d9I \u0110\u1ea2O ISLA ORION 900 - Nodor\",\"isPartOf\":{\"@id\":\"https:\/\/nodor.vn\/en#website\"},\"datePublished\":\"2019-05-05T08:22:59+00:00\",\"dateModified\":\"2022-07-11T01:54:47+00:00\",\"breadcrumb\":{\"@id\":\"https:\/\/nodor.vn\/en\/san-pham\/isla-orion-900#breadcrumb\"},\"inLanguage\":\"en-US\",\"potentialAction\":[{\"@type\":\"ReadAction\",\"target\":[\"https:\/\/nodor.vn\/en\/san-pham\/isla-orion-900\"]}]},{\"@type\":\"BreadcrumbList\",\"@id\":\"https:\/\/nodor.vn\/en\/san-pham\/isla-orion-900#breadcrumb\",\"itemListElement\":[{\"@type\":\"ListItem\",\"position\":1,\"name\":\"Trang ch\u1ee7\",\"item\":\"https:\/\/nodor.vn\/en\"},{\"@type\":\"ListItem\",\"position\":2,\"name\":\"Shop\",\"item\":\"https:\/\/nodor.vn\/en\/shop\"},{\"@type\":\"ListItem\",\"position\":3,\"name\":\"H\u00daT M\u00d9I \u0110\u1ea2O ISLA ORION 900\"}]},{\"@type\":\"WebSite\",\"@id\":\"https:\/\/nodor.vn\/en#website\",\"url\":\"https:\/\/nodor.vn\/en\",\"name\":\"Nodor\",\"description\":\"Thi\u1ebft b\u1ecb nh\u00e0 b\u1ebfp s\u1ed1 1 T\u00e2y Ban Nha\",\"publisher\":{\"@id\":\"https:\/\/nodor.vn\/en#organization\"},\"potentialAction\":[{\"@type\":\"SearchAction\",\"target\":{\"@type\":\"EntryPoint\",\"urlTemplate\":\"https:\/\/nodor.vn\/en?s={search_term_string}\"},\"query-input\":\"required name=search_term_string\"}],\"inLanguage\":\"en-US\"},{\"@type\":\"Organization\",\"@id\":\"https:\/\/nodor.vn\/en#organization\",\"name\":\"Nodor\",\"url\":\"https:\/\/nodor.vn\/en\",\"logo\":{\"@type\":\"ImageObject\",\"inLanguage\":\"en-US\",\"@id\":\"https:\/\/nodor.vn\/en#\/schema\/logo\/image\/\",\"url\":\"https:\/\/nodor.vn\/wp-content\/uploads\/2019\/05\/logo-nodor.png\",\"contentUrl\":\"https:\/\/nodor.vn\/wp-content\/uploads\/2019\/05\/logo-nodor.png\",\"width\":300,\"height\":90,\"caption\":\"Nodor\"},\"image\":{\"@id\":\"https:\/\/nodor.vn\/en#\/schema\/logo\/image\/\"}}]}<\/script>\n<!-- \/ Yoast SEO plugin. -->","yoast_head_json":{"title":"H\u00daT M\u00d9I \u0110\u1ea2O ISLA ORION 900 - Nodor","robots":{"index":"index","follow":"follow","max-snippet":"max-snippet:-1","max-image-preview":"max-image-preview:large","max-video-preview":"max-video-preview:-1"},"canonical":"https:\/\/nodor.vn\/en\/san-pham\/isla-orion-900","og_locale":"en_US","og_type":"article","og_title":"H\u00daT M\u00d9I \u0110\u1ea2O ISLA ORION 900 - Nodor","og_description":"M\u00e3 s\u1ea3n ph\u1ea9m ISLA ORION 900 Ki\u1ec3u d\u00e1ng H\u00fat m\u00f9i \u0111\u1ea3o \u0111\u1ed9c l\u1eadp \u0110\u1ed9ng c\u01a1 Turbin \u0111\u00f4i si\u00eau b\u1ec1n C\u00f4ng su\u1ea5t \u0111\u1ed9ng c\u01a1 100W C\u00f4ng su\u1ea5t h\u00fat 1100 m3\/h \u0110\u1ed9 n\u00e9n kh\u00ed 375 Pa \u0110\u1ed9 \u1ed3n t\u1ed1i \u0111a 39 dB S\u1ed1 t\u1ed1c \u0111\u1ed9 10 \u0110\u00e8n chi\u1ebfu s\u00e1ng 02 super LED x 3W si\u00eau s\u00e1ng, si\u00eau ...","og_url":"https:\/\/nodor.vn\/en\/san-pham\/isla-orion-900","og_site_name":"Nodor","article_modified_time":"2022-07-11T01:54:47+00:00","og_image":[{"width":3305,"height":3304,"url":"https:\/\/nodor.vn\/wp-content\/uploads\/2019\/05\/ISLA-ORION-900-8457-9-1.jpg","type":"image\/jpeg"}],"twitter_card":"summary_large_image","twitter_misc":{"Est. reading time":"1 minute"},"schema":{"@context":"https:\/\/schema.org","@graph":[{"@type":"WebPage","@id":"https:\/\/nodor.vn\/en\/san-pham\/isla-orion-900","url":"https:\/\/nodor.vn\/en\/san-pham\/isla-orion-900","name":"H\u00daT M\u00d9I \u0110\u1ea2O ISLA ORION 900 - Nodor","isPartOf":{"@id":"https:\/\/nodor.vn\/en#website"},"datePublished":"2019-05-05T08:22:59+00:00","dateModified":"2022-07-11T01:54:47+00:00","breadcrumb":{"@id":"https:\/\/nodor.vn\/en\/san-pham\/isla-orion-900#breadcrumb"},"inLanguage":"en-US","potentialAction":[{"@type":"ReadAction","target":["https:\/\/nodor.vn\/en\/san-pham\/isla-orion-900"]}]},{"@type":"BreadcrumbList","@id":"https:\/\/nodor.vn\/en\/san-pham\/isla-orion-900#breadcrumb","itemListElement":[{"@type":"ListItem","position":1,"name":"Trang ch\u1ee7","item":"https:\/\/nodor.vn\/en"},{"@type":"ListItem","position":2,"name":"Shop","item":"https:\/\/nodor.vn\/en\/shop"},{"@type":"ListItem","position":3,"name":"H\u00daT M\u00d9I \u0110\u1ea2O ISLA ORION 900"}]},{"@type":"WebSite","@id":"https:\/\/nodor.vn\/en#website","url":"https:\/\/nodor.vn\/en","name":"Nodor","description":"Thi\u1ebft b\u1ecb nh\u00e0 b\u1ebfp s\u1ed1 1 T\u00e2y Ban Nha","publisher":{"@id":"https:\/\/nodor.vn\/en#organization"},"potentialAction":[{"@type":"SearchAction","target":{"@type":"EntryPoint","urlTemplate":"https:\/\/nodor.vn\/en?s={search_term_string}"},"query-input":"required name=search_term_string"}],"inLanguage":"en-US"},{"@type":"Organization","@id":"https:\/\/nodor.vn\/en#organization","name":"Nodor","url":"https:\/\/nodor.vn\/en","logo":{"@type":"ImageObject","inLanguage":"en-US","@id":"https:\/\/nodor.vn\/en#\/schema\/logo\/image\/","url":"https:\/\/nodor.vn\/wp-content\/uploads\/2019\/05\/logo-nodor.png","contentUrl":"https:\/\/nodor.vn\/wp-content\/uploads\/2019\/05\/logo-nodor.png","width":300,"height":90,"caption":"Nodor"},"image":{"@id":"https:\/\/nodor.vn\/en#\/schema\/logo\/image\/"}}]}},"_links":{"self":[{"href":"https:\/\/nodor.vn\/en\/wp-json\/wp\/v2\/product\/1279","targetHints":{"allow":["GET"]}}],"collection":[{"href":"https:\/\/nodor.vn\/en\/wp-json\/wp\/v2\/product"}],"about":[{"href":"https:\/\/nodor.vn\/en\/wp-json\/wp\/v2\/types\/product"}],"replies":[{"embeddable":true,"href":"https:\/\/nodor.vn\/en\/wp-json\/wp\/v2\/comments?post=1279"}],"wp:featuredmedia":[{"embeddable":true,"href":"https:\/\/nodor.vn\/en\/wp-json\/wp\/v2\/media\/2077"}],"wp:attachment":[{"href":"https:\/\/nodor.vn\/en\/wp-json\/wp\/v2\/media?parent=1279"}],"wp:term":[{"taxonomy":"product_cat","embeddable":true,"href":"https:\/\/nodor.vn\/en\/wp-json\/wp\/v2\/product_cat?post=1279"},{"taxonomy":"product_tag","embeddable":true,"href":"https:\/\/nodor.vn\/en\/wp-json\/wp\/v2\/product_tag?post=1279"}],"curies":[{"name":"wp","href":"https:\/\/api.w.org\/{rel}","templated":true}]}}