{"id":1189,"date":"2019-05-04T18:02:34","date_gmt":"2019-05-04T11:02:34","guid":{"rendered":"https:\/\/nodor.xuongweb.vn\/san-pham\/nm-25-tg-black"},"modified":"2019-07-19T10:38:56","modified_gmt":"2019-07-19T03:38:56","slug":"nm-25-tg-black","status":"publish","type":"product","link":"https:\/\/nodor.vn\/en\/san-pham\/nm-25-tg-black","title":{"rendered":"L\u00d2 VI S\u00d3NG NM 25 TG BLACK"},"content":{"rendered":"<table>\n<tbody>\n<tr>\n<td width=\"321\">M\u00e3 s\u1ea3n ph\u1ea9m<\/td>\n<td width=\"302\">NM 25 TG BLACK<\/td>\n<\/tr>\n<tr>\n<td width=\"321\">Lo\u1ea1i s\u1ea3n ph\u1ea9m<\/td>\n<td width=\"302\">L\u00f2 vi s\u00f3ng \u00e2m t\u1ee7<\/td>\n<\/tr>\n<tr>\n<td width=\"321\">Ch\u1ea5t li\u1ec7u s\u1ea3n ph\u1ea9m<\/td>\n<td width=\"302\">INOX, k\u00ednh c\u01b0\u1eddng l\u1ef1c ch\u1ecbu nhi\u1ec7t m\u00e0u \u0111en<\/td>\n<\/tr>\n<tr>\n<td width=\"321\">Ti\u00eau chu\u1ea9n ch\u1ea5t l\u01b0\u1ee3ng<\/td>\n<td width=\"302\">EMC, CE<\/td>\n<\/tr>\n<tr>\n<td width=\"321\">Dung t\u00edch l\u00f2<\/td>\n<td width=\"302\">25 l\u00edt<\/td>\n<\/tr>\n<tr>\n<td width=\"321\">L\u00f2 vi s\u00f3ng \u0111a ch\u1ee9c n\u0103ng<\/td>\n<td width=\"302\">5 ch\u1ee9c n\u0103ng<\/td>\n<\/tr>\n<tr>\n<td width=\"321\">M\u00e0n h\u00ecnh hi\u1ec3n th\u1ecb<\/td>\n<td width=\"302\">LCD<\/td>\n<\/tr>\n<tr>\n<td width=\"321\">B\u1ea3ng \u0111i\u1ec1u khi\u1ec3n<\/td>\n<td width=\"302\">C\u1ea3m \u1ee9ng<\/td>\n<\/tr>\n<tr>\n<td width=\"321\">Khoang l\u00f2<\/td>\n<td width=\"302\">INOX<\/td>\n<\/tr>\n<tr>\n<td width=\"321\">C\u1eeda k\u00ednh<\/td>\n<td width=\"302\">3 l\u1edbp<\/td>\n<\/tr>\n<tr>\n<td width=\"321\">R\u00e3 \u0111\u00f4ng<\/td>\n<td width=\"302\">Theo kh\u1ed1i l\u01b0\u1ee3ng ho\u1eb7c theo th\u1eddi gian<\/td>\n<\/tr>\n<tr>\n<td width=\"321\">Ch\u1ee9c n\u0103ng quay nhanh Quartz<\/td>\n<td width=\"302\">C\u00f3<\/td>\n<\/tr>\n<tr>\n<td width=\"321\">\u0110\u00e8n chi\u1ebfu s\u00e1ng b\u00ean trong<\/td>\n<td width=\"302\">C\u00f3<\/td>\n<\/tr>\n<tr>\n<td width=\"321\">Kh\u00f3a an to\u00e0n \u0111\u1ed1i v\u1edbi tr\u1ebb em<\/td>\n<td width=\"302\">C\u00f3<\/td>\n<\/tr>\n<tr>\n<td width=\"321\">T\u1ef1 \u0111\u1ed9ng t\u1eaft khi m\u1edf c\u1eeda<\/td>\n<td width=\"302\">C\u00f3<\/td>\n<\/tr>\n<tr>\n<td width=\"321\">\u0110\u0129a quay<\/td>\n<td width=\"302\">\u00d8315mm<\/td>\n<\/tr>\n<tr>\n<td width=\"321\">C\u00f4ng su\u1ea5t vi s\u00f3ng<\/td>\n<td width=\"302\">1000W<\/td>\n<\/tr>\n<tr>\n<td width=\"321\">K\u00edch th\u01b0\u1edbc s\u1ea3n ph\u1ea9m(r\u1ed9ng x cao x s\u00e2u)<\/td>\n<td width=\"302\">595 x 388 x 410<\/td>\n<\/tr>\n<tr>\n<td width=\"321\">K\u00edch th\u01b0\u1edbc \u00e2m t\u1ee7(r\u1ed9ng x cao x s\u00e2u)<\/td>\n<td width=\"302\">600 x 380 x 500<\/td>\n<\/tr>\n<tr>\n<td width=\"321\">Ngu\u1ed3n \u0111i\u1ec7n<\/td>\n<td width=\"302\">220V\/50HZ<\/td>\n<\/tr>\n<tr>\n<td width=\"321\">B\u1ea3o h\u00e0nh<\/td>\n<td width=\"302\">24 th\u00e1ng<\/td>\n<\/tr>\n<tr>\n<td width=\"321\">B\u1ea3o tr\u00ec<\/td>\n<td width=\"302\">Tr\u1ecdn \u0111\u1eddi s\u1ea3n ph\u1ea9m<\/td>\n<\/tr>\n<tr>\n<td width=\"321\">Xu\u1ea5t x\u1ee9<\/td>\n<td width=\"302\">Made in PRC<\/td>\n<\/tr>\n<\/tbody>\n<\/table>\n","protected":false},"excerpt":{"rendered":"<p>M\u00e3 s\u1ea3n ph\u1ea9m NM 25 TG BLACK Lo\u1ea1i s\u1ea3n ph\u1ea9m L\u00f2 vi s\u00f3ng \u00e2m t\u1ee7 Ch\u1ea5t li\u1ec7u s\u1ea3n ph\u1ea9m INOX, k\u00ednh c\u01b0\u1eddng l\u1ef1c ch\u1ecbu nhi\u1ec7t m\u00e0u \u0111en Ti\u00eau chu\u1ea9n ch\u1ea5t l\u01b0\u1ee3ng EMC, CE Dung t\u00edch l\u00f2 25 l\u00edt L\u00f2 vi s\u00f3ng \u0111a ch\u1ee9c n\u0103ng 5 ch\u1ee9c n\u0103ng M\u00e0n h\u00ecnh hi\u1ec3n th\u1ecb LCD B\u1ea3ng \u0111i\u1ec1u khi\u1ec3n &#8230;<\/p>\n","protected":false},"featured_media":2138,"comment_status":"open","ping_status":"closed","template":"","meta":[],"product_cat":[70],"product_tag":[96],"class_list":["post-1189","product","type-product","status-publish","has-post-thumbnail","hentry","product_cat-lo-vi-song","product_tag-lo-vi-song"],"acf":[],"yoast_head":"<!-- This site is optimized with the Yoast SEO plugin v21.2 - https:\/\/yoast.com\/wordpress\/plugins\/seo\/ -->\n<title>L\u00d2 VI S\u00d3NG NM 25 TG BLACK - Nodor<\/title>\n<meta name=\"robots\" content=\"index, follow, max-snippet:-1, max-image-preview:large, max-video-preview:-1\" \/>\n<link rel=\"canonical\" href=\"https:\/\/nodor.vn\/en\/san-pham\/nm-25-tg-black\" \/>\n<meta property=\"og:locale\" content=\"en_US\" \/>\n<meta property=\"og:type\" content=\"article\" \/>\n<meta property=\"og:title\" content=\"L\u00d2 VI S\u00d3NG NM 25 TG BLACK - Nodor\" \/>\n<meta property=\"og:description\" content=\"M\u00e3 s\u1ea3n ph\u1ea9m NM 25 TG BLACK Lo\u1ea1i s\u1ea3n ph\u1ea9m L\u00f2 vi s\u00f3ng \u00e2m t\u1ee7 Ch\u1ea5t li\u1ec7u s\u1ea3n ph\u1ea9m INOX, k\u00ednh c\u01b0\u1eddng l\u1ef1c ch\u1ecbu nhi\u1ec7t m\u00e0u \u0111en Ti\u00eau chu\u1ea9n ch\u1ea5t l\u01b0\u1ee3ng EMC, CE Dung t\u00edch l\u00f2 25 l\u00edt L\u00f2 vi s\u00f3ng \u0111a ch\u1ee9c n\u0103ng 5 ch\u1ee9c n\u0103ng M\u00e0n h\u00ecnh hi\u1ec3n th\u1ecb LCD B\u1ea3ng \u0111i\u1ec1u khi\u1ec3n ...\" \/>\n<meta property=\"og:url\" content=\"https:\/\/nodor.vn\/en\/san-pham\/nm-25-tg-black\" \/>\n<meta property=\"og:site_name\" content=\"Nodor\" \/>\n<meta property=\"article:modified_time\" content=\"2019-07-19T03:38:56+00:00\" \/>\n<meta property=\"og:image\" content=\"https:\/\/nodor.vn\/wp-content\/uploads\/2019\/05\/NM-25-TG-BLACK-3990-1.jpg\" \/>\n\t<meta property=\"og:image:width\" content=\"3311\" \/>\n\t<meta property=\"og:image:height\" content=\"3310\" \/>\n\t<meta property=\"og:image:type\" content=\"image\/jpeg\" \/>\n<meta name=\"twitter:card\" content=\"summary_large_image\" \/>\n<meta name=\"twitter:label1\" content=\"Est. reading time\" \/>\n\t<meta name=\"twitter:data1\" content=\"1 minute\" \/>\n<script type=\"application\/ld+json\" class=\"yoast-schema-graph\">{\"@context\":\"https:\/\/schema.org\",\"@graph\":[{\"@type\":\"WebPage\",\"@id\":\"https:\/\/nodor.vn\/en\/san-pham\/nm-25-tg-black\",\"url\":\"https:\/\/nodor.vn\/en\/san-pham\/nm-25-tg-black\",\"name\":\"L\u00d2 VI S\u00d3NG NM 25 TG BLACK - Nodor\",\"isPartOf\":{\"@id\":\"https:\/\/nodor.vn\/en#website\"},\"datePublished\":\"2019-05-04T11:02:34+00:00\",\"dateModified\":\"2019-07-19T03:38:56+00:00\",\"breadcrumb\":{\"@id\":\"https:\/\/nodor.vn\/en\/san-pham\/nm-25-tg-black#breadcrumb\"},\"inLanguage\":\"en-US\",\"potentialAction\":[{\"@type\":\"ReadAction\",\"target\":[\"https:\/\/nodor.vn\/en\/san-pham\/nm-25-tg-black\"]}]},{\"@type\":\"BreadcrumbList\",\"@id\":\"https:\/\/nodor.vn\/en\/san-pham\/nm-25-tg-black#breadcrumb\",\"itemListElement\":[{\"@type\":\"ListItem\",\"position\":1,\"name\":\"Trang ch\u1ee7\",\"item\":\"https:\/\/nodor.vn\/en\"},{\"@type\":\"ListItem\",\"position\":2,\"name\":\"Shop\",\"item\":\"https:\/\/nodor.vn\/en\/shop\"},{\"@type\":\"ListItem\",\"position\":3,\"name\":\"L\u00d2 VI S\u00d3NG NM 25 TG BLACK\"}]},{\"@type\":\"WebSite\",\"@id\":\"https:\/\/nodor.vn\/en#website\",\"url\":\"https:\/\/nodor.vn\/en\",\"name\":\"Nodor\",\"description\":\"Thi\u1ebft b\u1ecb nh\u00e0 b\u1ebfp s\u1ed1 1 T\u00e2y Ban Nha\",\"publisher\":{\"@id\":\"https:\/\/nodor.vn\/en#organization\"},\"potentialAction\":[{\"@type\":\"SearchAction\",\"target\":{\"@type\":\"EntryPoint\",\"urlTemplate\":\"https:\/\/nodor.vn\/en?s={search_term_string}\"},\"query-input\":\"required name=search_term_string\"}],\"inLanguage\":\"en-US\"},{\"@type\":\"Organization\",\"@id\":\"https:\/\/nodor.vn\/en#organization\",\"name\":\"Nodor\",\"url\":\"https:\/\/nodor.vn\/en\",\"logo\":{\"@type\":\"ImageObject\",\"inLanguage\":\"en-US\",\"@id\":\"https:\/\/nodor.vn\/en#\/schema\/logo\/image\/\",\"url\":\"https:\/\/nodor.vn\/wp-content\/uploads\/2019\/05\/logo-nodor.png\",\"contentUrl\":\"https:\/\/nodor.vn\/wp-content\/uploads\/2019\/05\/logo-nodor.png\",\"width\":300,\"height\":90,\"caption\":\"Nodor\"},\"image\":{\"@id\":\"https:\/\/nodor.vn\/en#\/schema\/logo\/image\/\"}}]}<\/script>\n<!-- \/ Yoast SEO plugin. -->","yoast_head_json":{"title":"L\u00d2 VI S\u00d3NG NM 25 TG BLACK - Nodor","robots":{"index":"index","follow":"follow","max-snippet":"max-snippet:-1","max-image-preview":"max-image-preview:large","max-video-preview":"max-video-preview:-1"},"canonical":"https:\/\/nodor.vn\/en\/san-pham\/nm-25-tg-black","og_locale":"en_US","og_type":"article","og_title":"L\u00d2 VI S\u00d3NG NM 25 TG BLACK - Nodor","og_description":"M\u00e3 s\u1ea3n ph\u1ea9m NM 25 TG BLACK Lo\u1ea1i s\u1ea3n ph\u1ea9m L\u00f2 vi s\u00f3ng \u00e2m t\u1ee7 Ch\u1ea5t li\u1ec7u s\u1ea3n ph\u1ea9m INOX, k\u00ednh c\u01b0\u1eddng l\u1ef1c ch\u1ecbu nhi\u1ec7t m\u00e0u \u0111en Ti\u00eau chu\u1ea9n ch\u1ea5t l\u01b0\u1ee3ng EMC, CE Dung t\u00edch l\u00f2 25 l\u00edt L\u00f2 vi s\u00f3ng \u0111a ch\u1ee9c n\u0103ng 5 ch\u1ee9c n\u0103ng M\u00e0n h\u00ecnh hi\u1ec3n th\u1ecb LCD B\u1ea3ng \u0111i\u1ec1u khi\u1ec3n ...","og_url":"https:\/\/nodor.vn\/en\/san-pham\/nm-25-tg-black","og_site_name":"Nodor","article_modified_time":"2019-07-19T03:38:56+00:00","og_image":[{"width":3311,"height":3310,"url":"https:\/\/nodor.vn\/wp-content\/uploads\/2019\/05\/NM-25-TG-BLACK-3990-1.jpg","type":"image\/jpeg"}],"twitter_card":"summary_large_image","twitter_misc":{"Est. reading time":"1 minute"},"schema":{"@context":"https:\/\/schema.org","@graph":[{"@type":"WebPage","@id":"https:\/\/nodor.vn\/en\/san-pham\/nm-25-tg-black","url":"https:\/\/nodor.vn\/en\/san-pham\/nm-25-tg-black","name":"L\u00d2 VI S\u00d3NG NM 25 TG BLACK - Nodor","isPartOf":{"@id":"https:\/\/nodor.vn\/en#website"},"datePublished":"2019-05-04T11:02:34+00:00","dateModified":"2019-07-19T03:38:56+00:00","breadcrumb":{"@id":"https:\/\/nodor.vn\/en\/san-pham\/nm-25-tg-black#breadcrumb"},"inLanguage":"en-US","potentialAction":[{"@type":"ReadAction","target":["https:\/\/nodor.vn\/en\/san-pham\/nm-25-tg-black"]}]},{"@type":"BreadcrumbList","@id":"https:\/\/nodor.vn\/en\/san-pham\/nm-25-tg-black#breadcrumb","itemListElement":[{"@type":"ListItem","position":1,"name":"Trang ch\u1ee7","item":"https:\/\/nodor.vn\/en"},{"@type":"ListItem","position":2,"name":"Shop","item":"https:\/\/nodor.vn\/en\/shop"},{"@type":"ListItem","position":3,"name":"L\u00d2 VI S\u00d3NG NM 25 TG BLACK"}]},{"@type":"WebSite","@id":"https:\/\/nodor.vn\/en#website","url":"https:\/\/nodor.vn\/en","name":"Nodor","description":"Thi\u1ebft b\u1ecb nh\u00e0 b\u1ebfp s\u1ed1 1 T\u00e2y Ban Nha","publisher":{"@id":"https:\/\/nodor.vn\/en#organization"},"potentialAction":[{"@type":"SearchAction","target":{"@type":"EntryPoint","urlTemplate":"https:\/\/nodor.vn\/en?s={search_term_string}"},"query-input":"required name=search_term_string"}],"inLanguage":"en-US"},{"@type":"Organization","@id":"https:\/\/nodor.vn\/en#organization","name":"Nodor","url":"https:\/\/nodor.vn\/en","logo":{"@type":"ImageObject","inLanguage":"en-US","@id":"https:\/\/nodor.vn\/en#\/schema\/logo\/image\/","url":"https:\/\/nodor.vn\/wp-content\/uploads\/2019\/05\/logo-nodor.png","contentUrl":"https:\/\/nodor.vn\/wp-content\/uploads\/2019\/05\/logo-nodor.png","width":300,"height":90,"caption":"Nodor"},"image":{"@id":"https:\/\/nodor.vn\/en#\/schema\/logo\/image\/"}}]}},"_links":{"self":[{"href":"https:\/\/nodor.vn\/en\/wp-json\/wp\/v2\/product\/1189","targetHints":{"allow":["GET"]}}],"collection":[{"href":"https:\/\/nodor.vn\/en\/wp-json\/wp\/v2\/product"}],"about":[{"href":"https:\/\/nodor.vn\/en\/wp-json\/wp\/v2\/types\/product"}],"replies":[{"embeddable":true,"href":"https:\/\/nodor.vn\/en\/wp-json\/wp\/v2\/comments?post=1189"}],"wp:featuredmedia":[{"embeddable":true,"href":"https:\/\/nodor.vn\/en\/wp-json\/wp\/v2\/media\/2138"}],"wp:attachment":[{"href":"https:\/\/nodor.vn\/en\/wp-json\/wp\/v2\/media?parent=1189"}],"wp:term":[{"taxonomy":"product_cat","embeddable":true,"href":"https:\/\/nodor.vn\/en\/wp-json\/wp\/v2\/product_cat?post=1189"},{"taxonomy":"product_tag","embeddable":true,"href":"https:\/\/nodor.vn\/en\/wp-json\/wp\/v2\/product_tag?post=1189"}],"curies":[{"name":"wp","href":"https:\/\/api.w.org\/{rel}","templated":true}]}}