{"id":1175,"date":"2019-06-24T15:59:42","date_gmt":"2019-06-24T08:59:42","guid":{"rendered":"https:\/\/nodor.xuongweb.vn\/san-pham\/hwc-27"},"modified":"2022-10-12T10:20:12","modified_gmt":"2022-10-12T03:20:12","slug":"bep-tu-hon-hop-2vung-nau-hwc-27","status":"publish","type":"product","link":"https:\/\/nodor.vn\/en\/san-pham\/bep-tu-hon-hop-2vung-nau-hwc-27","title":{"rendered":"B\u1ebeP T\u1eea H\u1ed6N H\u1ee2P 2 V\u00d9NG N\u1ea4U HWC 27"},"content":{"rendered":"<table>\n<tbody>\n<tr>\n<td width=\"321\">M\u00e3 s\u1ea3n ph\u1ea9m<\/td>\n<td width=\"302\"><a href=\"https:\/\/thietbivesinh247.vn\/thuong-hieu\/nodor\/?s=nodor\">HWC 27<\/a><\/td>\n<\/tr>\n<tr>\n<td width=\"321\">Lo\u1ea1i s\u1ea3n ph\u1ea9m<\/td>\n<td width=\"302\">B\u1ebfp \u0111i\u1ec7n t\u1eeb \u0111\u00f4i<\/td>\n<\/tr>\n<tr>\n<td width=\"321\">S\u1ed1 v\u00f9ng n\u1ea5u<\/td>\n<td width=\"302\">01 t\u1eeb + 01 h\u1ed3ng ngo\u1ea1i<\/td>\n<\/tr>\n<tr>\n<td width=\"321\">M\u1eb7t b\u1ebfp<\/td>\n<td width=\"302\">K\u00ednh serial number Schott Ceran made in Germany<\/td>\n<\/tr>\n<tr>\n<td width=\"321\">M\u00e2m nhi\u1ec7t, bo m\u1ea1ch<\/td>\n<td width=\"302\">E.G.O made in Germany<\/td>\n<\/tr>\n<tr>\n<td width=\"321\">H\u1ec7 th\u1ed1ng t\u1ea3n nhi\u1ec7t<\/td>\n<td width=\"302\">Qu\u1ea1t ly t\u00e2m E.G.O<\/td>\n<\/tr>\n<tr>\n<td width=\"321\">H\u1ec7 th\u1ed1ng \u0111i\u1ec1u khi\u1ec3n<\/td>\n<td width=\"302\">E.G.O domino TC. made in Germany<\/td>\n<\/tr>\n<tr>\n<td width=\"321\">S\u1ed1 m\u1ee9c c\u00f4ng su\u1ea5t<\/td>\n<td width=\"302\">9 m\u1ee9c c\u00f4ng su\u1ea5t + Power Booster<\/td>\n<\/tr>\n<tr>\n<td width=\"321\">Ch\u1ebf \u0111\u1ed9 h\u1eb9n gi\u1edd \u0111\u1ed9c l\u1eadp cho t\u1eebng v\u00f9ng n\u1ea5u<\/td>\n<td width=\"302\">99 ph\u00fat<\/td>\n<\/tr>\n<tr>\n<td width=\"321\">Ch\u1ee9c n\u0103ng Power Booster<\/td>\n<td width=\"302\">C\u1ed9ng h\u01b0\u1edfng c\u00f4ng su\u1ea5t ti\u1ebft ki\u1ec7m 40% \u0111i\u1ec7n n\u0103ng<\/td>\n<\/tr>\n<tr>\n<td width=\"321\">Ti\u00eau chu\u1ea9n ch\u1ea5t l\u01b0\u1ee3ng<\/td>\n<td width=\"302\">EMC, CE<\/td>\n<\/tr>\n<tr>\n<td width=\"321\">C\u1ea3m bi\u1ebfn ch\u1ed1ng tr\u00e0o<\/td>\n<td width=\"302\">C\u00f3<\/td>\n<\/tr>\n<tr>\n<td width=\"321\">Kh\u00f3a tr\u1ebb em<\/td>\n<td width=\"302\">C\u00f3<\/td>\n<\/tr>\n<tr>\n<td width=\"321\">Kh\u00f3a th\u00f4ng minh<\/td>\n<td width=\"302\">C\u00f3<\/td>\n<\/tr>\n<tr>\n<td width=\"321\">H\u1ec7 th\u1ed1ng c\u1ea3m bi\u1ebfn nh\u1eadn di\u1ec7n chu vi \u0111\u00e1y n\u1ed3i<\/td>\n<td width=\"302\">C\u00f3<\/td>\n<\/tr>\n<tr>\n<td width=\"321\">H\u1ec7 th\u1ed1ng b\u1ea3o v\u1ec7 t\u1ef1 ng\u1eaft khi qu\u00e1 nhi\u1ec7t, qu\u00e1 \u00e1p<\/td>\n<td width=\"302\">C\u00f3<\/td>\n<\/tr>\n<tr>\n<td width=\"321\">T\u1ef1 \u0111\u1ed9ng ng\u1eaft khi kh\u00f4ng c\u00f3 xoong n\u1ed3i tr\u00ean v\u00f9ng n\u1ea5u<\/td>\n<td width=\"302\">C\u00f3<\/td>\n<\/tr>\n<tr>\n<td width=\"321\">C\u1ea3nh b\u00e1o nhi\u1ec7t d\u01b0<\/td>\n<td width=\"302\">C\u00f3<\/td>\n<\/tr>\n<tr>\n<td width=\"321\">V\u00f9ng n\u1ea5u t\u1eeb (induction)<\/td>\n<td width=\"302\">\u00d8 23cm x 1500W + Booster 2000W<\/td>\n<\/tr>\n<tr>\n<td width=\"321\">V\u00f9ng n\u1ea5u h\u1ed3ng ngo\u1ea1i 2 v\u00f2ng nhi\u1ec7t<\/td>\n<td width=\"302\">\u00d8 23cm + \u00d8 16cm t\u01b0\u01a1ng \u1ee9ng 1900W + 900W<\/td>\n<\/tr>\n<tr>\n<td width=\"321\">T\u1ed5ng c\u00f4ng su\u1ea5t sinh nhi\u1ec7t<\/td>\n<td width=\"302\">3900W<\/td>\n<\/tr>\n<tr>\n<td width=\"321\">Ngu\u1ed3n \u0111i\u1ec7n<\/td>\n<td width=\"302\">220V-240V\/50HZ<\/td>\n<\/tr>\n<tr>\n<td width=\"321\">K\u00edch th\u01b0\u1edbc s\u1ea3n ph\u1ea9m(r\u1ed9ng x s\u00e2u x cao)<\/td>\n<td width=\"302\">730x430x68(mm)<\/td>\n<\/tr>\n<tr>\n<td width=\"321\">K\u00edch th\u01b0\u1edbc kho\u00e9t \u0111\u00e1<\/td>\n<td width=\"302\">690&#215;330(mm)<\/td>\n<\/tr>\n<tr>\n<td width=\"321\">B\u1ea3o h\u00e0nh<\/td>\n<td width=\"302\">24 th\u00e1ng<\/td>\n<\/tr>\n<tr>\n<td width=\"321\">B\u1ea3o hi\u1ec3m m\u1eb7t k\u00ednh<\/td>\n<td width=\"302\">24 th\u00e1ng<\/td>\n<\/tr>\n<tr>\n<td width=\"321\">B\u1ea3o tr\u00ec<\/td>\n<td width=\"302\">Tr\u1ecdn \u0111\u1eddi s\u1ea3n ph\u1ea9m<\/td>\n<\/tr>\n<tr>\n<td width=\"321\">Xu\u1ea5t x\u1ee9<\/td>\n<td width=\"302\">Made in Spain<\/td>\n<\/tr>\n<\/tbody>\n<\/table>\n","protected":false},"excerpt":{"rendered":"<p>M\u00e3 s\u1ea3n ph\u1ea9m HWC 27 Lo\u1ea1i s\u1ea3n ph\u1ea9m B\u1ebfp \u0111i\u1ec7n t\u1eeb \u0111\u00f4i S\u1ed1 v\u00f9ng n\u1ea5u 01 t\u1eeb + 01 h\u1ed3ng ngo\u1ea1i M\u1eb7t b\u1ebfp K\u00ednh serial number Schott Ceran made in Germany M\u00e2m nhi\u1ec7t, bo m\u1ea1ch E.G.O made in Germany H\u1ec7 th\u1ed1ng t\u1ea3n nhi\u1ec7t Qu\u1ea1t ly t\u00e2m E.G.O H\u1ec7 th\u1ed1ng \u0111i\u1ec1u khi\u1ec3n E.G.O domino TC. made &#8230;<\/p>\n","protected":false},"featured_media":2181,"comment_status":"open","ping_status":"closed","template":"","meta":[],"product_cat":[66],"product_tag":[95,79,93],"class_list":["post-1175","product","type-product","status-publish","has-post-thumbnail","hentry","product_cat-bep-hon-hop","product_tag-bep-dien","product_tag-bep-dien-tu","product_tag-bep-hon-hop"],"acf":[],"yoast_head":"<!-- This site is optimized with the Yoast SEO plugin v21.2 - https:\/\/yoast.com\/wordpress\/plugins\/seo\/ -->\n<title>B\u1ebeP T\u1eea H\u1ed6N H\u1ee2P 2 V\u00d9NG N\u1ea4U HWC 27 - NH\u1eacP KH\u1ea8U T\u00c2Y BAN NHA<\/title>\n<meta name=\"description\" content=\"B\u1ebeP T\u1eea H\u1ed6N H\u1ee2P 2 V\u00d9NG N\u1ea4U HWC 27 - Ch\u00ednh h\u00e3ng nh\u1eadp kh\u1ea9u T\u00e2y Ban Nha, h\u00e3y li\u00ean h\u1ec7 hotline: 0913.104.266 \u0111\u1ec3 \u0111\u01b0\u1ee3c t\u01b0 v\u1ea5n mua h\u00e0ng.\" \/>\n<meta name=\"robots\" content=\"index, follow, max-snippet:-1, max-image-preview:large, max-video-preview:-1\" \/>\n<link rel=\"canonical\" href=\"https:\/\/nodor.vn\/en\/san-pham\/bep-tu-hon-hop-2vung-nau-hwc-27\" \/>\n<meta property=\"og:locale\" content=\"en_US\" \/>\n<meta property=\"og:type\" content=\"article\" \/>\n<meta property=\"og:title\" content=\"B\u1ebeP T\u1eea H\u1ed6N H\u1ee2P 2 V\u00d9NG N\u1ea4U HWC 27 - NH\u1eacP KH\u1ea8U T\u00c2Y BAN NHA\" \/>\n<meta property=\"og:description\" content=\"B\u1ebeP T\u1eea H\u1ed6N H\u1ee2P 2 V\u00d9NG N\u1ea4U HWC 27 - Ch\u00ednh h\u00e3ng nh\u1eadp kh\u1ea9u T\u00e2y Ban Nha, h\u00e3y li\u00ean h\u1ec7 hotline: 0913.104.266 \u0111\u1ec3 \u0111\u01b0\u1ee3c t\u01b0 v\u1ea5n mua h\u00e0ng.\" \/>\n<meta property=\"og:url\" content=\"https:\/\/nodor.vn\/en\/san-pham\/bep-tu-hon-hop-2vung-nau-hwc-27\" \/>\n<meta property=\"og:site_name\" content=\"Nodor\" \/>\n<meta property=\"article:modified_time\" content=\"2022-10-12T03:20:12+00:00\" \/>\n<meta property=\"og:image\" content=\"https:\/\/nodor.vn\/wp-content\/uploads\/2019\/06\/HWC-27.jpg\" \/>\n\t<meta property=\"og:image:width\" content=\"3311\" \/>\n\t<meta property=\"og:image:height\" content=\"3310\" \/>\n\t<meta property=\"og:image:type\" content=\"image\/jpeg\" \/>\n<meta name=\"twitter:card\" content=\"summary_large_image\" \/>\n<meta name=\"twitter:label1\" content=\"Est. reading time\" \/>\n\t<meta name=\"twitter:data1\" content=\"2 minutes\" \/>\n<script type=\"application\/ld+json\" class=\"yoast-schema-graph\">{\"@context\":\"https:\/\/schema.org\",\"@graph\":[{\"@type\":\"WebPage\",\"@id\":\"https:\/\/nodor.vn\/en\/san-pham\/bep-tu-hon-hop-2vung-nau-hwc-27\",\"url\":\"https:\/\/nodor.vn\/en\/san-pham\/bep-tu-hon-hop-2vung-nau-hwc-27\",\"name\":\"B\u1ebeP T\u1eea H\u1ed6N H\u1ee2P 2 V\u00d9NG N\u1ea4U HWC 27 - NH\u1eacP KH\u1ea8U T\u00c2Y BAN NHA\",\"isPartOf\":{\"@id\":\"https:\/\/nodor.vn\/en#website\"},\"datePublished\":\"2019-06-24T08:59:42+00:00\",\"dateModified\":\"2022-10-12T03:20:12+00:00\",\"description\":\"B\u1ebeP T\u1eea H\u1ed6N H\u1ee2P 2 V\u00d9NG N\u1ea4U HWC 27 - Ch\u00ednh h\u00e3ng nh\u1eadp kh\u1ea9u T\u00e2y Ban Nha, h\u00e3y li\u00ean h\u1ec7 hotline: 0913.104.266 \u0111\u1ec3 \u0111\u01b0\u1ee3c t\u01b0 v\u1ea5n mua h\u00e0ng.\",\"breadcrumb\":{\"@id\":\"https:\/\/nodor.vn\/en\/san-pham\/bep-tu-hon-hop-2vung-nau-hwc-27#breadcrumb\"},\"inLanguage\":\"en-US\",\"potentialAction\":[{\"@type\":\"ReadAction\",\"target\":[\"https:\/\/nodor.vn\/en\/san-pham\/bep-tu-hon-hop-2vung-nau-hwc-27\"]}]},{\"@type\":\"BreadcrumbList\",\"@id\":\"https:\/\/nodor.vn\/en\/san-pham\/bep-tu-hon-hop-2vung-nau-hwc-27#breadcrumb\",\"itemListElement\":[{\"@type\":\"ListItem\",\"position\":1,\"name\":\"Trang ch\u1ee7\",\"item\":\"https:\/\/nodor.vn\/en\"},{\"@type\":\"ListItem\",\"position\":2,\"name\":\"Shop\",\"item\":\"https:\/\/nodor.vn\/en\/shop\"},{\"@type\":\"ListItem\",\"position\":3,\"name\":\"B\u1ebeP T\u1eea H\u1ed6N H\u1ee2P 2 V\u00d9NG N\u1ea4U HWC 27\"}]},{\"@type\":\"WebSite\",\"@id\":\"https:\/\/nodor.vn\/en#website\",\"url\":\"https:\/\/nodor.vn\/en\",\"name\":\"Nodor\",\"description\":\"Thi\u1ebft b\u1ecb nh\u00e0 b\u1ebfp s\u1ed1 1 T\u00e2y Ban Nha\",\"publisher\":{\"@id\":\"https:\/\/nodor.vn\/en#organization\"},\"potentialAction\":[{\"@type\":\"SearchAction\",\"target\":{\"@type\":\"EntryPoint\",\"urlTemplate\":\"https:\/\/nodor.vn\/en?s={search_term_string}\"},\"query-input\":\"required name=search_term_string\"}],\"inLanguage\":\"en-US\"},{\"@type\":\"Organization\",\"@id\":\"https:\/\/nodor.vn\/en#organization\",\"name\":\"Nodor\",\"url\":\"https:\/\/nodor.vn\/en\",\"logo\":{\"@type\":\"ImageObject\",\"inLanguage\":\"en-US\",\"@id\":\"https:\/\/nodor.vn\/en#\/schema\/logo\/image\/\",\"url\":\"https:\/\/nodor.vn\/wp-content\/uploads\/2019\/05\/logo-nodor.png\",\"contentUrl\":\"https:\/\/nodor.vn\/wp-content\/uploads\/2019\/05\/logo-nodor.png\",\"width\":300,\"height\":90,\"caption\":\"Nodor\"},\"image\":{\"@id\":\"https:\/\/nodor.vn\/en#\/schema\/logo\/image\/\"}}]}<\/script>\n<!-- \/ Yoast SEO plugin. -->","yoast_head_json":{"title":"B\u1ebeP T\u1eea H\u1ed6N H\u1ee2P 2 V\u00d9NG N\u1ea4U HWC 27 - NH\u1eacP KH\u1ea8U T\u00c2Y BAN NHA","description":"B\u1ebeP T\u1eea H\u1ed6N H\u1ee2P 2 V\u00d9NG N\u1ea4U HWC 27 - Ch\u00ednh h\u00e3ng nh\u1eadp kh\u1ea9u T\u00e2y Ban Nha, h\u00e3y li\u00ean h\u1ec7 hotline: 0913.104.266 \u0111\u1ec3 \u0111\u01b0\u1ee3c t\u01b0 v\u1ea5n mua h\u00e0ng.","robots":{"index":"index","follow":"follow","max-snippet":"max-snippet:-1","max-image-preview":"max-image-preview:large","max-video-preview":"max-video-preview:-1"},"canonical":"https:\/\/nodor.vn\/en\/san-pham\/bep-tu-hon-hop-2vung-nau-hwc-27","og_locale":"en_US","og_type":"article","og_title":"B\u1ebeP T\u1eea H\u1ed6N H\u1ee2P 2 V\u00d9NG N\u1ea4U HWC 27 - NH\u1eacP KH\u1ea8U T\u00c2Y BAN NHA","og_description":"B\u1ebeP T\u1eea H\u1ed6N H\u1ee2P 2 V\u00d9NG N\u1ea4U HWC 27 - Ch\u00ednh h\u00e3ng nh\u1eadp kh\u1ea9u T\u00e2y Ban Nha, h\u00e3y li\u00ean h\u1ec7 hotline: 0913.104.266 \u0111\u1ec3 \u0111\u01b0\u1ee3c t\u01b0 v\u1ea5n mua h\u00e0ng.","og_url":"https:\/\/nodor.vn\/en\/san-pham\/bep-tu-hon-hop-2vung-nau-hwc-27","og_site_name":"Nodor","article_modified_time":"2022-10-12T03:20:12+00:00","og_image":[{"width":3311,"height":3310,"url":"https:\/\/nodor.vn\/wp-content\/uploads\/2019\/06\/HWC-27.jpg","type":"image\/jpeg"}],"twitter_card":"summary_large_image","twitter_misc":{"Est. reading time":"2 minutes"},"schema":{"@context":"https:\/\/schema.org","@graph":[{"@type":"WebPage","@id":"https:\/\/nodor.vn\/en\/san-pham\/bep-tu-hon-hop-2vung-nau-hwc-27","url":"https:\/\/nodor.vn\/en\/san-pham\/bep-tu-hon-hop-2vung-nau-hwc-27","name":"B\u1ebeP T\u1eea H\u1ed6N H\u1ee2P 2 V\u00d9NG N\u1ea4U HWC 27 - NH\u1eacP KH\u1ea8U T\u00c2Y BAN NHA","isPartOf":{"@id":"https:\/\/nodor.vn\/en#website"},"datePublished":"2019-06-24T08:59:42+00:00","dateModified":"2022-10-12T03:20:12+00:00","description":"B\u1ebeP T\u1eea H\u1ed6N H\u1ee2P 2 V\u00d9NG N\u1ea4U HWC 27 - Ch\u00ednh h\u00e3ng nh\u1eadp kh\u1ea9u T\u00e2y Ban Nha, h\u00e3y li\u00ean h\u1ec7 hotline: 0913.104.266 \u0111\u1ec3 \u0111\u01b0\u1ee3c t\u01b0 v\u1ea5n mua h\u00e0ng.","breadcrumb":{"@id":"https:\/\/nodor.vn\/en\/san-pham\/bep-tu-hon-hop-2vung-nau-hwc-27#breadcrumb"},"inLanguage":"en-US","potentialAction":[{"@type":"ReadAction","target":["https:\/\/nodor.vn\/en\/san-pham\/bep-tu-hon-hop-2vung-nau-hwc-27"]}]},{"@type":"BreadcrumbList","@id":"https:\/\/nodor.vn\/en\/san-pham\/bep-tu-hon-hop-2vung-nau-hwc-27#breadcrumb","itemListElement":[{"@type":"ListItem","position":1,"name":"Trang ch\u1ee7","item":"https:\/\/nodor.vn\/en"},{"@type":"ListItem","position":2,"name":"Shop","item":"https:\/\/nodor.vn\/en\/shop"},{"@type":"ListItem","position":3,"name":"B\u1ebeP T\u1eea H\u1ed6N H\u1ee2P 2 V\u00d9NG N\u1ea4U HWC 27"}]},{"@type":"WebSite","@id":"https:\/\/nodor.vn\/en#website","url":"https:\/\/nodor.vn\/en","name":"Nodor","description":"Thi\u1ebft b\u1ecb nh\u00e0 b\u1ebfp s\u1ed1 1 T\u00e2y Ban Nha","publisher":{"@id":"https:\/\/nodor.vn\/en#organization"},"potentialAction":[{"@type":"SearchAction","target":{"@type":"EntryPoint","urlTemplate":"https:\/\/nodor.vn\/en?s={search_term_string}"},"query-input":"required name=search_term_string"}],"inLanguage":"en-US"},{"@type":"Organization","@id":"https:\/\/nodor.vn\/en#organization","name":"Nodor","url":"https:\/\/nodor.vn\/en","logo":{"@type":"ImageObject","inLanguage":"en-US","@id":"https:\/\/nodor.vn\/en#\/schema\/logo\/image\/","url":"https:\/\/nodor.vn\/wp-content\/uploads\/2019\/05\/logo-nodor.png","contentUrl":"https:\/\/nodor.vn\/wp-content\/uploads\/2019\/05\/logo-nodor.png","width":300,"height":90,"caption":"Nodor"},"image":{"@id":"https:\/\/nodor.vn\/en#\/schema\/logo\/image\/"}}]}},"_links":{"self":[{"href":"https:\/\/nodor.vn\/en\/wp-json\/wp\/v2\/product\/1175","targetHints":{"allow":["GET"]}}],"collection":[{"href":"https:\/\/nodor.vn\/en\/wp-json\/wp\/v2\/product"}],"about":[{"href":"https:\/\/nodor.vn\/en\/wp-json\/wp\/v2\/types\/product"}],"replies":[{"embeddable":true,"href":"https:\/\/nodor.vn\/en\/wp-json\/wp\/v2\/comments?post=1175"}],"wp:featuredmedia":[{"embeddable":true,"href":"https:\/\/nodor.vn\/en\/wp-json\/wp\/v2\/media\/2181"}],"wp:attachment":[{"href":"https:\/\/nodor.vn\/en\/wp-json\/wp\/v2\/media?parent=1175"}],"wp:term":[{"taxonomy":"product_cat","embeddable":true,"href":"https:\/\/nodor.vn\/en\/wp-json\/wp\/v2\/product_cat?post=1175"},{"taxonomy":"product_tag","embeddable":true,"href":"https:\/\/nodor.vn\/en\/wp-json\/wp\/v2\/product_tag?post=1175"}],"curies":[{"name":"wp","href":"https:\/\/api.w.org\/{rel}","templated":true}]}}